{"id":1037,"date":"2024-11-27T15:52:59","date_gmt":"2024-11-27T15:52:59","guid":{"rendered":"https:\/\/izvak.org\/?page_id=1037"},"modified":"2025-11-05T19:03:34","modified_gmt":"2025-11-05T19:03:34","slug":"danisma-kurulu-2","status":"publish","type":"page","link":"http:\/\/izvak.org\/index.php\/danisma-kurulu-2\/","title":{"rendered":"Dan\u0131\u015fma Kurulu"},"content":{"rendered":"\n<style>\n  html {\n    box-sizing: border-box;\n  }\n   \n  *, *:before, *:after {\n    box-sizing: inherit;\n  }\n   \n  .column {\n    float: left;\n    width: 20%;\n    margin-bottom: 16px;\n    padding: 0 8px;\n  }\n   \n  @media screen and (max-width: 650px) {\n    .column {\n      width: 100%;\n      display: block;\n    }\n  }\n   \n  .card {\n    box-shadow: 0 4px 8px 0 rgba(0, 0, 0, 0.2);\n  }\n   \n  .container {\n    padding: 0 16px;\n  }\n   \n  .container::after, .row::after {\n    content: \"\";\n    clear: both;\n    display: table;\n  }\n   \n  .title {\n    color: grey;\n  }\n   \n  .button {\n    border: none;\n    outline: 0;\n    display: inline-block;\n    padding: 8px;\n    color: white;\n    background-color: #202f5b;\n    text-align: center;\n    font-weight: bold;\n    cursor: pointer;\n    width: 100%;\n  }\n   \n  .button:hover {\n    background-color: #555;\n  }\n  \n  h2 {\n    font-size: 27px;\n    line-height: 1.3;\n  }\n  <\/style>\n\n<ul>\n  <li>A. Bahri VRESKALA<\/li>\n<li>Ahmet TAL\u0130MC\u0130LER<\/li>\n<li>Ahmet TA\u015ePINAR<\/li>\n<li>Ali ERG\u00d6\u00c7MEZ<\/li>\n<li>A. Turgay B\u00dcY\u00dcKKARCI<\/li>\n<li>Alp Avni YELKENB\u0130\u00c7ER<\/li>\n<li>Aybars AKO\u011eLU<\/li>\n<li>Bahri OKUMU\u015e<\/li>\n<li>Bar\u0131\u015f ORHUNB\u0130LGE<\/li>\n<li>Berk \u00d6ZBEK<\/li>\n<li>B\u00fclent TERCAN<\/li>\n<li>C. Levent \u00dcRKMEZ<\/li>\n<li>Can KESTELL\u0130<\/li>\n<li>Cenk KARACE<\/li>\n<li>Deniz BAR\u00c7IN<\/li>\n<li>Deniz K\u00d6SE<\/li>\n<li>Deniz S\u0130PAH\u0130<\/li>\n<li>Dilek GAPP\u0130<\/li>\n<li>Emre KIZILG\u00dcNE\u015eLER<\/li>\n<li>Ender YORGANCILAR<\/li>\n<li>Ergin KARATA\u015e<\/li>\n<li>Engin U\u011fur A\u011eIR<\/li>\n<li>Erdem Y\u00dcCEL<\/li>\n<li>Erol ERSOY<\/li>\n<li>Fatih \u00d6ZFATURA<\/li>\n<li>Giulliano GLOKH\u0130N\u0130<\/li>\n<li>Halim BEZ\u0130RC\u0130L\u0130O\u011eLU<\/li>\n<li>Hikmet ALCAN<\/li>\n<li>H\u00fcseyin ASLAN<\/li>\n<li>H\u00fcseyin ERO\u011eLU<\/li>\n<li>H\u00fcseyin HAMAMCI<\/li>\n<li>H. Cem ZEREN<\/li>\n<li>I\u015f\u0131nsu KESTELL\u0130<\/li>\n<li>\u0130dris AVCI<\/li>\n<li>\u0130skender MESUD\u0130YEL\u0130<\/li>\n<li>Jak ESK\u0130NAZ\u0130<\/li>\n<li>Kerem ERTAN<\/li>\n<li>Kerem Fahri BAYKALMI\u015e<\/li>\n<li>Kenan AKSEK\u0130<\/li>\n<li>Levent K\u00d6STEM<\/li>\n<li>Mahmut \u00d6ZGENER<\/li>\n<li>Mehmet Ali SUSAM<\/li>\n<li>Mehmet SEP\u0130L<\/li>\n<li>Murat ESK\u0130C\u0130<\/li>\n<li>Murat KANGALG\u0130L<\/li>\n<li>Mehmet YILDIRIM<\/li>\n<li>Mehmet T. \u0130\u015eLER<\/li>\n<li>Mesut G\u00dcLERO\u011eLU<\/li>\n<li>Nedim KALPAKLIO\u011eLU<\/li>\n<li>Nuri \u0130MRE<\/li>\n<li>O\u011fuz SARVAN<\/li>\n<li>Orhan TATAR<\/li>\n<li>\u00d6mer D\u0130N\u00c7ER<\/li>\n<li>\u00d6zlem AKDURAK<\/li>\n<li>\u00d6zg\u00fcr G\u00dcRE\u015e\u00c7\u0130<\/li>\n<li>S. Mehmet \u00d6ZKAN<\/li>\n<li>Semra AKSU<\/li>\n<li>Sevgi Ko\u00e7ak \u00d6ZT\u00dcRK<\/li>\n<li>Sibel ZORLU<\/li>\n<li>Timur G\u00d6N\u00dcL\u015eEN<\/li>\n<li>Tu\u011frul YEM\u0130\u015e\u00c7\u0130<\/li>\n<li>Ufuk AKG\u00dcN<\/li>\n<li>Yal\u00e7\u0131n ATA<\/li>\n<li>Ya\u015far KU\u015e<\/li>\n<li>Yusuf \u00d6ZT\u00dcRK<\/li>\n\n<p> Ayr\u0131ca;\n\u0130zmir Vali&#8217;miz,\n\u0130zmir B\u00fcy\u00fck\u015fehir Belediye Ba\u015fkan\u0131&#8217;m\u0131z,\n\u0130zmir Cumhuriyet Ba\u015fsavc\u0131&#8217;m\u0131z,\nVak\u0131flar B\u00f6lge M\u00fcd\u00fcr\u00fc&#8217;m\u00fcz,\n\u0130zmir \u0130l Emniyet M\u00fcd\u00fcr\u00fc&#8217;m\u00fcz,\n\u0130zmir Defterdar\u0131&#8217;m\u0131z,\n\u0130zmir Gen\u00e7lik ve Spor \u0130l M\u00fcd\u00fcr\u00fc&#8217;m\u00fcz,\nMetropol \u0130l\u00e7e Belediye Ba\u015fkanlar\u0131&#8217;m\u0131z,\n\u0130zmir&#8217;deki \u00fcniversitelerimizin BESYO Dekanlar\u0131&#8217;m\u0131z,\n\nVak\u0131f t\u00fcz\u00fc\u011f\u00fcm\u00fcze g\u00f6re, Dan\u0131\u015fma Kurulumuzun do\u011fal \u00fcyeleridir. <\/p>\n<\/ul>\n","protected":false},"excerpt":{"rendered":"<p>A. Bahri VRESKALA Ahmet TAL\u0130MC\u0130LER Ahmet TA\u015ePINAR Ali ERG\u00d6\u00c7MEZ A. Turgay B\u00dcY\u00dcKKARCI Alp Avni YELKENB\u0130\u00c7ER Aybars AKO\u011eLU Bahri OKUMU\u015e Bar\u0131\u015f ORHUNB\u0130LGE Berk \u00d6ZBEK B\u00fclent TERCAN C. Levent \u00dcRKMEZ Can KESTELL\u0130 Cenk KARACE Deniz BAR\u00c7IN Deniz K\u00d6SE Deniz S\u0130PAH\u0130 Dilek GAPP\u0130 Emre KIZILG\u00dcNE\u015eLER Ender YORGANCILAR Ergin KARATA\u015e Engin U\u011fur A\u011eIR Erdem Y\u00dcCEL Erol ERSOY Fatih \u00d6ZFATURA [&hellip;]<\/p>\n","protected":false},"author":1,"featured_media":0,"parent":0,"menu_order":0,"comment_status":"closed","ping_status":"closed","template":"","meta":{"_uag_custom_page_level_css":"","footnotes":""},"class_list":["post-1037","page","type-page","status-publish","hentry"],"uagb_featured_image_src":{"full":false,"thumbnail":false,"medium":false,"medium_large":false,"large":false,"1536x1536":false,"2048x2048":false},"uagb_author_info":{"display_name":"izvak","author_link":"http:\/\/izvak.org\/index.php\/author\/izvakorg\/"},"uagb_comment_info":0,"uagb_excerpt":"A. Bahri VRESKALA Ahmet TAL\u0130MC\u0130LER Ahmet TA\u015ePINAR Ali ERG\u00d6\u00c7MEZ A. Turgay B\u00dcY\u00dcKKARCI Alp Avni YELKENB\u0130\u00c7ER Aybars AKO\u011eLU Bahri OKUMU\u015e Bar\u0131\u015f ORHUNB\u0130LGE Berk \u00d6ZBEK B\u00fclent TERCAN C. Levent \u00dcRKMEZ Can KESTELL\u0130 Cenk KARACE Deniz BAR\u00c7IN Deniz K\u00d6SE Deniz S\u0130PAH\u0130 Dilek GAPP\u0130 Emre KIZILG\u00dcNE\u015eLER Ender YORGANCILAR Ergin KARATA\u015e Engin U\u011fur A\u011eIR Erdem Y\u00dcCEL Erol ERSOY Fatih \u00d6ZFATURA&hellip;","_links":{"self":[{"href":"http:\/\/izvak.org\/index.php\/wp-json\/wp\/v2\/pages\/1037","targetHints":{"allow":["GET"]}}],"collection":[{"href":"http:\/\/izvak.org\/index.php\/wp-json\/wp\/v2\/pages"}],"about":[{"href":"http:\/\/izvak.org\/index.php\/wp-json\/wp\/v2\/types\/page"}],"author":[{"embeddable":true,"href":"http:\/\/izvak.org\/index.php\/wp-json\/wp\/v2\/users\/1"}],"replies":[{"embeddable":true,"href":"http:\/\/izvak.org\/index.php\/wp-json\/wp\/v2\/comments?post=1037"}],"version-history":[{"count":6,"href":"http:\/\/izvak.org\/index.php\/wp-json\/wp\/v2\/pages\/1037\/revisions"}],"predecessor-version":[{"id":1990,"href":"http:\/\/izvak.org\/index.php\/wp-json\/wp\/v2\/pages\/1037\/revisions\/1990"}],"wp:attachment":[{"href":"http:\/\/izvak.org\/index.php\/wp-json\/wp\/v2\/media?parent=1037"}],"curies":[{"name":"wp","href":"https:\/\/api.w.org\/{rel}","templated":true}]}}