{"id":68,"date":"2024-07-08T12:35:15","date_gmt":"2024-07-08T12:35:15","guid":{"rendered":"http:\/\/izvak.org\/?page_id=68"},"modified":"2025-02-04T12:45:07","modified_gmt":"2025-02-04T12:45:07","slug":"misyon","status":"publish","type":"page","link":"http:\/\/izvak.org\/index.php\/misyon\/","title":{"rendered":"M\u0130SYON"},"content":{"rendered":"\n<div class=\"wp-block-columns is-layout-flex wp-container-core-columns-is-layout-2 wp-block-columns-is-layout-flex\">\n<div class=\"wp-block-column is-layout-flow wp-block-column-is-layout-flow\" style=\"flex-basis:12%\">\n<figure class=\"wp-block-image\"><img loading=\"lazy\" decoding=\"async\" width=\"180\" height=\"250\" src=\"http:\/\/izvak.org\/wp-content\/uploads\/2024\/06\/izvak_logo.jpg\" alt=\"\" class=\"wp-image-12\"><\/figure>\n<\/div>\n\n\n\n<div class=\"wp-block-column is-layout-flow wp-block-column-is-layout-flow\" style=\"flex-basis:66.66%\">\n<p>\u0130ZVAK;  Kul\u00fcplerimizin talep, ihtiya\u00e7 ve \u00e7\u0131karlar\u0131 do\u011frultusunda; yerel ve merkezi y\u00f6netimlerimizle, ilgili kurum ve kurulu\u015flarla i\u015fbirli\u011fi yapmay\u0131, s\u00fcre\u00e7leri takip etmeyi ve y\u00f6netmeyi, kul\u00fcplerimiz ve taraftarlar\u0131m\u0131z aras\u0131nda ortak akl\u0131 ve dayan\u0131\u015fmay\u0131 geli\u015ftirmeyi, fikir ve proje \u00fcretmeyi, bu \u015fekilde \u015fehrimize, kul\u00fcplerimize, sporumuza ve toplumumuza g\u00f6n\u00fcll\u00fcl\u00fck esas\u0131na g\u00f6re hizmet etmeyi ama\u00e7layan bir sivil toplum kurulu\u015fudur.<\/p>\n\n\n\n<p>Yerel Y\u00f6netimlerimiz, Odalar\u0131m\u0131z, Sivil Toplum Kurulu\u015flar\u0131m\u0131z , T\u00fcrkiye Profesyonel Futbol Liglerinde yer alan Kul\u00fcplerimiz ve sporseverlerin bir araya gelmesi ile 1998 y\u0131l\u0131nda kurulmu\u015ftur. Kendi alan\u0131nda \u00fclkemizdeki ilk ve tek \u00f6rnek olarak \u00e7al\u0131\u015fmalar\u0131na devam etmektedir.<\/p>\n\n\n\n<p>Ortalama y\u00fcz y\u0131ll\u0131k \u015fanl\u0131 tarihleri ile en de\u011ferli markalar\u0131m\u0131z olan spor kul\u00fcplerimizin ya\u015fat\u0131lmas\u0131 ve kentsel miras olarak gelecek nesillere b\u0131rak\u0131lacak \u015fekilde korunmas\u0131 i\u00e7in \u00e7aba g\u00f6stermektedir.<\/p>\n\n\n<p>\u0130zmir, T\u00fcrkiye\u2019de futbolun ba\u015flad\u0131\u011f\u0131 (1877), T\u00fcrkiye Milli Ligi\u2019nin ilk ma\u00e7\u0131n\u0131n (1959) oynand\u0131\u011f\u0131 \u015fehirdir.Derin ve k\u00f6kl\u00fc bir spor ve futbol k\u00fclt\u00fcr\u00fcne, gelene\u011fine sahiptir.<\/p>\n\n<p>\u0130zmir kul\u00fcpleri ve taraftarlar\u0131 olarak; sahadaki sportif rekabetten ba\u011f\u0131ms\u0131z olarak saha d\u0131\u015f\u0131nda i\u015fbirli\u011fi ve dayan\u0131\u015fmay\u0131 geli\u015ftiriyor, bunun i\u00e7in futbolun birle\u015ftirici ve bar\u0131\u015f\u00e7\u0131l g\u00fcc\u00fcnden faydalan\u0131yoruz. \u201cDostluk \u0130\u00e7inde Rekabet\u201d ilkesi ile futbol d\u00fcnyas\u0131na \u00f6rnek olmaya ve daima daha iyisi i\u00e7in \u00e7al\u0131\u015fmaya devam ediyoruz.<\/p>\n\n\n<\/div>\n<\/div>\n\n\n\n<p><a href=\"https:\/\/izvak.org\/index.php\/izvak-izmir-spor-kulupleri-birligi-vakfi-04-02-2025\/\" data-type=\"page\" data-id=\"1559\">\u201cKISA TANITIM METN\u0130M\u0130Z\u0130 BURADAN \u0130ND\u0130REB\u0130L\u0130RS\u0130N\u0130Z\u201d<\/a><\/p>\n\n\n\n<p><\/p>\n","protected":false},"excerpt":{"rendered":"<p>\u0130ZVAK; Kul\u00fcplerimizin talep, ihtiya\u00e7 ve \u00e7\u0131karlar\u0131 do\u011frultusunda; yerel ve merkezi y\u00f6netimlerimizle, ilgili kurum ve kurulu\u015flarla i\u015fbirli\u011fi yapmay\u0131, s\u00fcre\u00e7leri takip etmeyi ve y\u00f6netmeyi, kul\u00fcplerimiz ve taraftarlar\u0131m\u0131z aras\u0131nda ortak akl\u0131 ve dayan\u0131\u015fmay\u0131 geli\u015ftirmeyi, fikir ve proje \u00fcretmeyi, bu \u015fekilde \u015fehrimize, kul\u00fcplerimize, sporumuza ve toplumumuza g\u00f6n\u00fcll\u00fcl\u00fck esas\u0131na g\u00f6re hizmet etmeyi ama\u00e7layan bir sivil toplum kurulu\u015fudur. Yerel Y\u00f6netimlerimiz, Odalar\u0131m\u0131z, [&hellip;]<\/p>\n","protected":false},"author":1,"featured_media":0,"parent":0,"menu_order":0,"comment_status":"closed","ping_status":"closed","template":"","meta":{"_uag_custom_page_level_css":"","footnotes":""},"class_list":["post-68","page","type-page","status-publish","hentry"],"uagb_featured_image_src":{"full":false,"thumbnail":false,"medium":false,"medium_large":false,"large":false,"1536x1536":false,"2048x2048":false},"uagb_author_info":{"display_name":"izvak","author_link":"http:\/\/izvak.org\/index.php\/author\/izvakorg\/"},"uagb_comment_info":0,"uagb_excerpt":"\u0130ZVAK; Kul\u00fcplerimizin talep, ihtiya\u00e7 ve \u00e7\u0131karlar\u0131 do\u011frultusunda; yerel ve merkezi y\u00f6netimlerimizle, ilgili kurum ve kurulu\u015flarla i\u015fbirli\u011fi yapmay\u0131, s\u00fcre\u00e7leri takip etmeyi ve y\u00f6netmeyi, kul\u00fcplerimiz ve taraftarlar\u0131m\u0131z aras\u0131nda ortak akl\u0131 ve dayan\u0131\u015fmay\u0131 geli\u015ftirmeyi, fikir ve proje \u00fcretmeyi, bu \u015fekilde \u015fehrimize, kul\u00fcplerimize, sporumuza ve toplumumuza g\u00f6n\u00fcll\u00fcl\u00fck esas\u0131na g\u00f6re hizmet etmeyi ama\u00e7layan bir sivil toplum kurulu\u015fudur. Yerel Y\u00f6netimlerimiz, Odalar\u0131m\u0131z,&hellip;","_links":{"self":[{"href":"http:\/\/izvak.org\/index.php\/wp-json\/wp\/v2\/pages\/68","targetHints":{"allow":["GET"]}}],"collection":[{"href":"http:\/\/izvak.org\/index.php\/wp-json\/wp\/v2\/pages"}],"about":[{"href":"http:\/\/izvak.org\/index.php\/wp-json\/wp\/v2\/types\/page"}],"author":[{"embeddable":true,"href":"http:\/\/izvak.org\/index.php\/wp-json\/wp\/v2\/users\/1"}],"replies":[{"embeddable":true,"href":"http:\/\/izvak.org\/index.php\/wp-json\/wp\/v2\/comments?post=68"}],"version-history":[{"count":13,"href":"http:\/\/izvak.org\/index.php\/wp-json\/wp\/v2\/pages\/68\/revisions"}],"predecessor-version":[{"id":1565,"href":"http:\/\/izvak.org\/index.php\/wp-json\/wp\/v2\/pages\/68\/revisions\/1565"}],"wp:attachment":[{"href":"http:\/\/izvak.org\/index.php\/wp-json\/wp\/v2\/media?parent=68"}],"curies":[{"name":"wp","href":"https:\/\/api.w.org\/{rel}","templated":true}]}}