{"id":807,"date":"2024-10-14T14:19:51","date_gmt":"2024-10-14T14:19:51","guid":{"rendered":"http:\/\/izvak.org\/?page_id=807"},"modified":"2025-02-05T21:25:04","modified_gmt":"2025-02-05T21:25:04","slug":"sidal-candarli","status":"publish","type":"page","link":"http:\/\/izvak.org\/index.php\/sidal-candarli\/","title":{"rendered":"Sidal \u00c7andarl\u0131"},"content":{"rendered":"\n<p>1985, \u0130zmir do\u011fumlu.<\/p>\n\n\n\n<p>Yeditepe \u00dcniversitesi Mimarl\u0131k b\u00f6l\u00fcm\u00fc mezunu. Istanbul ve Izmir&#8217;de \u00e7e\u015fitli mimarl\u0131k ve proje y\u00f6netim firmalar\u0131nda \u00e7al\u0131\u015ft\u0131ktan sonra etkinlik, organizasyon sekt\u00f6r\u00fcnde aktif olarak \u00e7al\u0131\u015fmaya ba\u015flam\u0131\u015ft\u0131r.<\/p>\n\n\n\n<p>2020-2023 y\u0131llar\u0131 aras\u0131nda Altay Sosyal Dayan\u0131\u015fma Derne\u011finde ba\u015fkanl\u0131k g\u00f6revini \u00fcstlenmi\u015ftir. Izobder Y\u00f6netim Kurulu ve BBOM E\u011fitim Kooperatifi y\u00f6netim kurulunda g\u00f6revlerine halen devam etmektedir.<br>Evli, 2 erkek \u00e7ocuk annesidir.<\/p>\n","protected":false},"excerpt":{"rendered":"<p>1985, \u0130zmir do\u011fumlu. Yeditepe \u00dcniversitesi Mimarl\u0131k b\u00f6l\u00fcm\u00fc mezunu. Istanbul ve Izmir&#8217;de \u00e7e\u015fitli mimarl\u0131k ve proje y\u00f6netim firmalar\u0131nda \u00e7al\u0131\u015ft\u0131ktan sonra etkinlik, organizasyon sekt\u00f6r\u00fcnde aktif olarak \u00e7al\u0131\u015fmaya ba\u015flam\u0131\u015ft\u0131r. 2020-2023 y\u0131llar\u0131 aras\u0131nda Altay Sosyal Dayan\u0131\u015fma Derne\u011finde ba\u015fkanl\u0131k g\u00f6revini \u00fcstlenmi\u015ftir. Izobder Y\u00f6netim Kurulu ve BBOM E\u011fitim Kooperatifi y\u00f6netim kurulunda g\u00f6revlerine halen devam etmektedir.Evli, 2 erkek \u00e7ocuk annesidir.<\/p>\n","protected":false},"author":1,"featured_media":0,"parent":0,"menu_order":0,"comment_status":"closed","ping_status":"closed","template":"","meta":{"_uag_custom_page_level_css":"","footnotes":""},"class_list":["post-807","page","type-page","status-publish","hentry"],"uagb_featured_image_src":{"full":false,"thumbnail":false,"medium":false,"medium_large":false,"large":false,"1536x1536":false,"2048x2048":false},"uagb_author_info":{"display_name":"izvak","author_link":"http:\/\/izvak.org\/index.php\/author\/izvakorg\/"},"uagb_comment_info":0,"uagb_excerpt":"1985, \u0130zmir do\u011fumlu. Yeditepe \u00dcniversitesi Mimarl\u0131k b\u00f6l\u00fcm\u00fc mezunu. Istanbul ve Izmir&#8217;de \u00e7e\u015fitli mimarl\u0131k ve proje y\u00f6netim firmalar\u0131nda \u00e7al\u0131\u015ft\u0131ktan sonra etkinlik, organizasyon sekt\u00f6r\u00fcnde aktif olarak \u00e7al\u0131\u015fmaya ba\u015flam\u0131\u015ft\u0131r. 2020-2023 y\u0131llar\u0131 aras\u0131nda Altay Sosyal Dayan\u0131\u015fma Derne\u011finde ba\u015fkanl\u0131k g\u00f6revini \u00fcstlenmi\u015ftir. Izobder Y\u00f6netim Kurulu ve BBOM E\u011fitim Kooperatifi y\u00f6netim kurulunda g\u00f6revlerine halen devam etmektedir.Evli, 2 erkek \u00e7ocuk annesidir.","_links":{"self":[{"href":"http:\/\/izvak.org\/index.php\/wp-json\/wp\/v2\/pages\/807","targetHints":{"allow":["GET"]}}],"collection":[{"href":"http:\/\/izvak.org\/index.php\/wp-json\/wp\/v2\/pages"}],"about":[{"href":"http:\/\/izvak.org\/index.php\/wp-json\/wp\/v2\/types\/page"}],"author":[{"embeddable":true,"href":"http:\/\/izvak.org\/index.php\/wp-json\/wp\/v2\/users\/1"}],"replies":[{"embeddable":true,"href":"http:\/\/izvak.org\/index.php\/wp-json\/wp\/v2\/comments?post=807"}],"version-history":[{"count":2,"href":"http:\/\/izvak.org\/index.php\/wp-json\/wp\/v2\/pages\/807\/revisions"}],"predecessor-version":[{"id":1571,"href":"http:\/\/izvak.org\/index.php\/wp-json\/wp\/v2\/pages\/807\/revisions\/1571"}],"wp:attachment":[{"href":"http:\/\/izvak.org\/index.php\/wp-json\/wp\/v2\/media?parent=807"}],"curies":[{"name":"wp","href":"https:\/\/api.w.org\/{rel}","templated":true}]}}