{"id":815,"date":"2024-10-14T14:20:54","date_gmt":"2024-10-14T14:20:54","guid":{"rendered":"http:\/\/izvak.org\/?page_id=815"},"modified":"2024-11-05T13:53:27","modified_gmt":"2024-11-05T13:53:27","slug":"necdet-bayatsapan","status":"publish","type":"page","link":"http:\/\/izvak.org\/index.php\/necdet-bayatsapan\/","title":{"rendered":"Necdet Bayatsapan"},"content":{"rendered":"\n<p>Necdet BAYATSAPAN<\/p>\n\n\n\n<p>\u0130\u015f insan\u0131,<\/p>\n\n\n\n<p>1975 \u0130zmir Kar\u015f\u0131yaka do\u011fumlu,<\/p>\n\n\n\n<p>Anadolu \u00dcnv. \u0130\u015fletme Fak\u00fcltesi mezunu,<\/p>\n\n\n\n<p>\u0130n\u015faat sekt\u00f6r\u00fc ve gayrimenkul sekt\u00f6r\u00fcnde faaliyet g\u00f6stermektedir.<\/p>\n\n\n\n<p>2010-2015 y\u0131llar\u0131 aras\u0131nda Kar\u015f\u0131yaka Spor Kul\u00fcb\u00fc Basketbol \u015eube y\u00f6netiminde g\u00f6rev yapt\u0131.<\/p>\n\n\n\n<p>Mesleki STK ve Kurumlarda y\u00f6netimde g\u00f6rev yapt\u0131.<\/p>\n\n\n\n<p>Evli, 2 erkek \u00e7ocuk babas\u0131.<\/p>\n","protected":false},"excerpt":{"rendered":"<p>Necdet BAYATSAPAN \u0130\u015f insan\u0131, 1975 \u0130zmir Kar\u015f\u0131yaka do\u011fumlu, Anadolu \u00dcnv. \u0130\u015fletme Fak\u00fcltesi mezunu, \u0130n\u015faat sekt\u00f6r\u00fc ve gayrimenkul sekt\u00f6r\u00fcnde faaliyet g\u00f6stermektedir. 2010-2015 y\u0131llar\u0131 aras\u0131nda Kar\u015f\u0131yaka Spor Kul\u00fcb\u00fc Basketbol \u015eube y\u00f6netiminde g\u00f6rev yapt\u0131. Mesleki STK ve Kurumlarda y\u00f6netimde g\u00f6rev yapt\u0131. Evli, 2 erkek \u00e7ocuk babas\u0131.<\/p>\n","protected":false},"author":1,"featured_media":0,"parent":0,"menu_order":0,"comment_status":"closed","ping_status":"closed","template":"","meta":{"_uag_custom_page_level_css":"","footnotes":""},"class_list":["post-815","page","type-page","status-publish","hentry"],"uagb_featured_image_src":{"full":false,"thumbnail":false,"medium":false,"medium_large":false,"large":false,"1536x1536":false,"2048x2048":false},"uagb_author_info":{"display_name":"izvak","author_link":"http:\/\/izvak.org\/index.php\/author\/izvakorg\/"},"uagb_comment_info":0,"uagb_excerpt":"Necdet BAYATSAPAN \u0130\u015f insan\u0131, 1975 \u0130zmir Kar\u015f\u0131yaka do\u011fumlu, Anadolu \u00dcnv. \u0130\u015fletme Fak\u00fcltesi mezunu, \u0130n\u015faat sekt\u00f6r\u00fc ve gayrimenkul sekt\u00f6r\u00fcnde faaliyet g\u00f6stermektedir. 2010-2015 y\u0131llar\u0131 aras\u0131nda Kar\u015f\u0131yaka Spor Kul\u00fcb\u00fc Basketbol \u015eube y\u00f6netiminde g\u00f6rev yapt\u0131. Mesleki STK ve Kurumlarda y\u00f6netimde g\u00f6rev yapt\u0131. Evli, 2 erkek \u00e7ocuk babas\u0131.","_links":{"self":[{"href":"http:\/\/izvak.org\/index.php\/wp-json\/wp\/v2\/pages\/815","targetHints":{"allow":["GET"]}}],"collection":[{"href":"http:\/\/izvak.org\/index.php\/wp-json\/wp\/v2\/pages"}],"about":[{"href":"http:\/\/izvak.org\/index.php\/wp-json\/wp\/v2\/types\/page"}],"author":[{"embeddable":true,"href":"http:\/\/izvak.org\/index.php\/wp-json\/wp\/v2\/users\/1"}],"replies":[{"embeddable":true,"href":"http:\/\/izvak.org\/index.php\/wp-json\/wp\/v2\/comments?post=815"}],"version-history":[{"count":2,"href":"http:\/\/izvak.org\/index.php\/wp-json\/wp\/v2\/pages\/815\/revisions"}],"predecessor-version":[{"id":952,"href":"http:\/\/izvak.org\/index.php\/wp-json\/wp\/v2\/pages\/815\/revisions\/952"}],"wp:attachment":[{"href":"http:\/\/izvak.org\/index.php\/wp-json\/wp\/v2\/media?parent=815"}],"curies":[{"name":"wp","href":"https:\/\/api.w.org\/{rel}","templated":true}]}}