{"id":135,"date":"2024-07-09T08:50:49","date_gmt":"2024-07-09T08:50:49","guid":{"rendered":"http:\/\/izvak.org\/?page_id=135"},"modified":"2026-02-09T12:40:16","modified_gmt":"2026-02-09T12:40:16","slug":"futbolda-izmir-iklimine-giden-yol-ve-yeni-hedefler","status":"publish","type":"page","link":"https:\/\/izvak.org\/index.php\/futbolda-izmir-iklimine-giden-yol-ve-yeni-hedefler\/","title":{"rendered":"BA\u015eKANDAN"},"content":{"rendered":"\n<ul class=\"wp-block-list\">\n<li><a href=\"https:\/\/izvak.org\/index.php\/baskandan-spor-kuluplerimiz-icin-finansal-olmayan-destek-modelleri\/\" data-type=\"page\" data-id=\"2069\">SPOR KUL\u00dcPLER\u0130M\u0130Z \u0130\u00c7\u0130N F\u0130NANSAL OLMAYAN DESTEK MODELLER\u0130 29.01.2026<br><\/a><\/li>\n\n\n\n<li><a href=\"https:\/\/izvak.org\/index.php\/baskandan-izmir-futbol-kuluplerinin-kent-ekonomisine-etki-arastirmasi\/\" data-type=\"page\" data-id=\"1962\">\u0130ZM\u0130R FUTBOL KUL\u00dcPLER\u0130N\u0130N KENT EKONOM\u0130S\u0130NE ETK\u0130 ARA\u015eTIRMASI 18.10.2025<\/a><\/li>\n<\/ul>\n\n\n\n<ul class=\"wp-block-list\">\n<li><a href=\"https:\/\/izvak.org\/index.php\/baskandan-izmir-kuluplerinin-kent-ekonomisine-etkisi-izmir-ekonomik-kalkinma-koordinasyon-kurulu-sunumu-25-06-2025\/\" data-type=\"page\" data-id=\"1933\">&#8220;\u0130ZM\u0130R KUL\u00dcPLER\u0130N\u0130N KENT EKONOM\u0130S\u0130NE ETK\u0130S\u0130\u201d &#8211; \u0130zmir Ekonomik Kalk\u0131nma Koordinasyon Kurulu Sunumu  25.06.2025<\/a><\/li>\n<\/ul>\n\n\n\n<ul class=\"wp-block-list\">\n<li><a href=\"https:\/\/izvak.org\/index.php\/baskandan-futbol-kuluplerinin-sirketlesmesi-dunya-ve-izmir-ornekleri\/\" data-type=\"page\" data-id=\"1916\">FUTBOL KUL\u00dcPLER\u0130N\u0130N, \u015e\u0130RKETLE\u015eMES\u0130, D\u00dcNYA VE \u0130ZM\u0130R \u00d6RNEKLER\u0130 31.05.2025<\/a><\/li>\n<\/ul>\n\n\n\n<ul class=\"wp-block-list\">\n<li><a href=\"https:\/\/izvak.org\/index.php\/yonetim-kurulu-baskanimiz-ali-ertenin-karsiyaka-spor-kulubu-danisma-kurulu-toplantisinda-yaptigi-sirketlesme-baslikli-sunumu\/\" data-type=\"page\" data-id=\"1517\">Y\u00d6NET\u0130M KURULU BA\u015eKANIMIZ AL\u0130 ERTEN\u2019\u0130N, KAR\u015eIYAKA SPOR KUL\u00dcB\u00dc DANI\u015eMA KURULU TOPLANTISI\u2019NDA YAPTI\u011eI \u201c\u015e\u0130RKETLE\u015eME\u201d BA\u015eLIKLI SUNUMU\u2026 22.01.2025<\/a><\/li>\n<\/ul>\n\n\n\n<ul class=\"wp-block-list\">\n<li><a href=\"https:\/\/izvak.org\/index.php\/baskandan-asirlik-spor-kuluplerimiz\/\">ASIRLIK SPOR KUL\u00dcPLER\u0130M\u0130Z, \u0130ZM\u0130R KENT K\u00dcLT\u00dcR\u00dcN\u00dcN \u0130HMAL ED\u0130LEN PAR\u00c7ASI&#8230;20.12.2024<\/a><\/li>\n<\/ul>\n\n\n\n<ul class=\"wp-block-list\">\n<li><a href=\"http:\/\/izvak.org\/index.php\/futbolda-karsilikli-yarar-modeli-sponsorluklar\/\" data-type=\"page\" data-id=\"1016\">FUTBOLDA KAR\u015eILIKLI YARAR MODEL\u0130: SPONSORLUKLAR 14.11.2024<\/a><\/li>\n<\/ul>\n\n\n\n<ul class=\"wp-block-list\">\n<li><a href=\"https:\/\/izvak.org\/index.php\/baskandan-dostluk-icinde-rekabet-ve-gonulluluk-modeli\/\">DOSTLUK \u0130\u00c7\u0130NDE REKABET VE G\u00d6N\u00dcLL\u00dcL\u00dcK MODEL\u0130&#8230; 21.10.2024<\/a><\/li>\n<\/ul>\n\n\n\n<ul class=\"wp-block-list\">\n<li><a href=\"https:\/\/izvak.org\/index.php\/baskandan-futbol-kentlerin-tanitimi-ve-izmir\/\">FUTBOL, KENTLER\u0130N TANITIMI VE \u0130ZM\u0130R\u202624.09.2024<\/a><\/li>\n<\/ul>\n\n\n\n<ul class=\"wp-block-list\">\n<li><a href=\"https:\/\/izvak.org\/index.php\/baskandan-izmirde-futbolun-desteklenmesi-neden-onemli\/\">\u0130ZM\u0130R&#8217;DE FUTBOLUN DESTEKLENMES\u0130 NEDEN \u00d6NEML\u0130 26.08.2024<\/a><\/li>\n<\/ul>\n\n\n\n<ul class=\"wp-block-list\">\n<li><a href=\"https:\/\/izvak.org\/index.php\/baskandan-yazi1\/\">FUTBOLDA \u0130ZM\u0130R \u0130KL\u0130M\u0130&#8230;07.04.2021<\/a><\/li>\n<\/ul>\n\n\n\n<p><\/p>\n","protected":false},"excerpt":{"rendered":"","protected":false},"author":1,"featured_media":0,"parent":0,"menu_order":0,"comment_status":"closed","ping_status":"closed","template":"","meta":{"_uag_custom_page_level_css":"","footnotes":""},"class_list":["post-135","page","type-page","status-publish","hentry"],"uagb_featured_image_src":{"full":false,"thumbnail":false,"medium":false,"medium_large":false,"large":false,"1536x1536":false,"2048x2048":false},"uagb_author_info":{"display_name":"izvak","author_link":"https:\/\/izvak.org\/index.php\/author\/izvakorg\/"},"uagb_comment_info":0,"uagb_excerpt":null,"_links":{"self":[{"href":"https:\/\/izvak.org\/index.php\/wp-json\/wp\/v2\/pages\/135","targetHints":{"allow":["GET"]}}],"collection":[{"href":"https:\/\/izvak.org\/index.php\/wp-json\/wp\/v2\/pages"}],"about":[{"href":"https:\/\/izvak.org\/index.php\/wp-json\/wp\/v2\/types\/page"}],"author":[{"embeddable":true,"href":"https:\/\/izvak.org\/index.php\/wp-json\/wp\/v2\/users\/1"}],"replies":[{"embeddable":true,"href":"https:\/\/izvak.org\/index.php\/wp-json\/wp\/v2\/comments?post=135"}],"version-history":[{"count":34,"href":"https:\/\/izvak.org\/index.php\/wp-json\/wp\/v2\/pages\/135\/revisions"}],"predecessor-version":[{"id":2075,"href":"https:\/\/izvak.org\/index.php\/wp-json\/wp\/v2\/pages\/135\/revisions\/2075"}],"wp:attachment":[{"href":"https:\/\/izvak.org\/index.php\/wp-json\/wp\/v2\/media?parent=135"}],"curies":[{"name":"wp","href":"https:\/\/api.w.org\/{rel}","templated":true}]}}