{"id":145,"date":"2024-07-09T09:24:24","date_gmt":"2024-07-09T09:24:24","guid":{"rendered":"http:\/\/izvak.org\/?page_id=145"},"modified":"2024-07-11T08:54:02","modified_gmt":"2024-07-11T08:54:02","slug":"izmirin-futbol-tarihi","status":"publish","type":"page","link":"https:\/\/izvak.org\/index.php\/izmirin-futbol-tarihi\/","title":{"rendered":"\u0130ZM\u0130R&#8217;\u0130N FUTBOL TAR\u0130H\u0130"},"content":{"rendered":"\n<p>\u0130ttihat ve Terakki Partisi\u2019nin \u0130kinci Me\u015frutiyet\u2019i ilan etti\u011fi 1908 y\u0131l\u0131nda T\u00fcrkiye\u2018de futbol genellikle yabanc\u0131lar taraf\u0131ndan oynanmaktayd\u0131. \u0130zmir\u2019deki b\u00fct\u00fcn tak\u0131mlar Rumlar, Ermeniler ve \u0130ngilizler taraf\u0131ndan kurulmu\u015ftu. Panionios ve Apollon bu tak\u0131mlar\u0131n \u00f6nde gelenleriydi. Ma\u00e7lar az\u0131nl\u0131klar aras\u0131nda oynanmaktayd\u0131 ve bu az\u0131nl\u0131klar di\u011fer \u015fehirlerde oldu\u011fu gibi \u0130zmir\u2019de de futbola hakim durumdayd\u0131lar. Bu tarihte Kad\u0131zade Z\u00fcht\u00fc I\u015f\u0131l, Kad\u0131zade Ra\u015fit, S\u00fcreyya \u0130plik\u00e7i, Refik Civelek, Osman Nuri ve \u00d6rnekk\u00f6yl\u00fc H\u00fcseyin&#8217;den olu\u015fan 6 Kar\u015f\u0131yakal\u0131 gen\u00e7, aralar\u0131nda para toplayarak sat\u0131n ald\u0131klar\u0131 futbol topuyla Rus as\u0131ll\u0131 Kar\u015f\u0131yakal\u0131 bir aileye ait olan bo\u015f bir arsada futbol oynamaya ba\u015flad\u0131lar.<\/p>\n\n\n\n<figure class=\"wp-block-image size-full\"><img loading=\"lazy\" decoding=\"async\" width=\"850\" height=\"425\" src=\"http:\/\/izvak.org\/wp-content\/uploads\/2024\/07\/tarih_ksk.jpg\" alt=\"\" class=\"wp-image-146\"\/><\/figure>\n\n\n\n<h3 class=\"wp-block-heading\"><strong>1912 &#8211; KAR\u015eIYAKA SPOR KUL\u00dcB\u00dc KURULUYOR<\/strong><\/h3>\n\n\n\n<p>Bu arsada futbol oynad\u0131klar bir g\u00fcn ya\u011fmurun \u00e7iselemesi \u00fczerine bir zeytin a\u011fac\u0131n\u0131n alt\u0131na s\u0131\u011f\u0131nan gen\u00e7ler, az\u0131nl\u0131klar\u0131n futbol sahas\u0131ndaki egemenli\u011fine ba\u015fkald\u0131r\u0131 hareketi olarak kendi kul\u00fcplerini kurmaya karar verdiler ve 1 Kas\u0131m 1912 (1328) tarihinde Kar\u015f\u0131yaka Muaresei Bedeniye Kul\u00fcb\u00fc&#8217;n\u00fc yani bug\u00fcnk\u00fc ad\u0131yla Kar\u015f\u0131yaka Spor Kul\u00fcb\u00fc&#8217;n\u00fcn kurulu\u015funu ger\u00e7ekle\u015ftirdiler. Kurulu\u015f a\u015famas\u0131nda alt\u0131 gen\u00e7 ile birlikte H\u00fcsn\u00fc Tonak, Tahir Bor, Fevzi Fikri Altay ve Sezai \u00c7ullu&#8217;da yer alm\u0131\u015ft\u0131r.<\/p>\n\n\n\n<p>Kul\u00fcb\u00fcn renkleri de T\u00fcrkl\u00fc\u011f\u00fcn en \u00f6nemli iki de\u011ferinden geliyor. Kar\u015f\u0131yaka k\u0131rm\u0131z\u0131s\u0131n\u0131 bayraktan, ye\u015filini ise \u0130slam`dan al\u0131yor.<\/p>\n\n\n\n<p>Atat\u00fcrk`\u00fcn Kar\u015f\u0131yaka`ya olan ilgisi Milli M\u00fccadele d\u00f6neminden geliyor. \u0130zmir`e yapt\u0131\u011f\u0131 her ziyarette Kar\u015f\u0131yaka Spor Kul\u00fcb\u00fc`n\u00fc ziyaret eden Gazi, defalarca futbol ve tenis tak\u0131mlar\u0131n\u0131n antrenmanlar\u0131n\u0131 da izlemi\u015f. Kul\u00fcb\u00fcn armas\u0131nda Ay &#8211; Y\u0131ld\u0131z kullan\u0131lmas\u0131 emrini de bizzat kendisi vermi\u015f.<\/p>\n\n\n\n<p>Gazi Mustafa Kemal`in gen\u00e7 T\u00fcrkiye Cumhuriyeti`nin Cumhurba\u015fkan\u0131 olarak ilk ziyaret etti\u011fi kul\u00fcp Kar\u015f\u0131yaka Spor Kul\u00fcb\u00fc`d\u00fcr. Kendisinin kul\u00fcbe yapt\u0131\u011f\u0131 iki ziyarette imzalad\u0131\u011f\u0131 hat\u0131ra defterindeki yaz\u0131lar da a\u015fa\u011f\u0131da yer almaktad\u0131r.<\/p>\n\n\n\n<p>\u0130lk ziyaret 13 ekim 1925 tarihini ta\u015f\u0131yor,<br><br>Gazi bu yaz\u0131lar\u0131nda deftere \u015fu notlar\u0131 d\u00fc\u015f\u00fcyor:&nbsp;<strong>&#8220;Kar\u015f\u0131yaka Spor Kul\u00fcb\u00fc`nde kar\u015f\u0131 kar\u015f\u0131ya bulundu\u011fum gen\u00e7lik iftihara \u015fayand\u0131r. Bu gen\u00e7lik muvacehesinde istikbalin kuvvetli saadeti ne bariz g\u00f6r\u00fcnmektedir.\u201d<\/strong><\/p>\n\n\n\n<p>1 Kas\u0131m 1912 tarihten, 1914&#8217;te Altay&#8217;\u0131n kurulu\u015funa kadar Kar\u015f\u0131yaka, \u0130zmir&#8217;deki tek T\u00fcrk spor kul\u00fcb\u00fc idi.<\/p>\n\n\n\n<figure class=\"wp-block-image size-full\"><img loading=\"lazy\" decoding=\"async\" width=\"850\" height=\"425\" src=\"http:\/\/izvak.org\/wp-content\/uploads\/2024\/07\/tarih_altay.jpg\" alt=\"\" class=\"wp-image-147\"\/><\/figure>\n\n\n\n<h3 class=\"wp-block-heading\"><strong>1914 &#8211; ALTAY SPOR KUL\u00dcB\u00dc DO\u011eUYOR<\/strong><\/h3>\n\n\n\n<p>1913 Y\u0131l\u0131 sonunda \u0130zmir&#8217;e gelen Celal Bayar \u0130ttihat Terakki Cemiyetine katmak i\u00e7in spor yapan Altayl\u0131 gen\u00e7leri davet etti ve 1914 y\u0131l\u0131n\u0131n 16 Ocak tarihinde Altay fiilen kuruldu. Celal Bayar \u015eark \u0130dadisinde faaliyet g\u00f6steren Altay&#8217;\u0131n kurulu\u015fu i\u00e7in para yard\u0131m\u0131nda bulundu. Altay futbol tarihimizde ilk deplasman yapan T\u00fcrk tak\u0131m\u0131d\u0131r.<\/p>\n\n\n\n<p>1923 Y\u0131l\u0131nda Ba\u015fkent Ankara&#8217;ya davet edilen Altay&#8217;\u0131n bu seyahatinin \u00e7ok ba\u015far\u0131l\u0131 olmas\u0131 nedeniyle b\u00fcy\u00fck kurtar\u0131c\u0131 Atat\u00fcrk 1924 Paris Olimpiyatlar\u0131na T\u00fcrk sporcular\u0131n\u0131n kat\u0131lmalar\u0131 i\u00e7in emir verdi. 1924 Paris Olimpiyatlar\u0131&#8217;na Altay&#8217;dan Futbolcu olarak Hamit Aslan, Atlet olarak Sait Odyak i\u015ftirak etti.<\/p>\n\n\n\n<p>\u0130zmir&#8217;de 15 kez \u0130zmir \u015eampiyonlu\u011fu kazanan y\u00fczlerce \u015filt ve kupay\u0131 m\u00fczesine ta\u015f\u0131yan Altay&#8217;\u0131n sinesinde Alt\u0131nordu ve G\u00f6ztepe do\u011fdu.<\/p>\n\n\n\n<figure class=\"wp-block-image size-full\"><img loading=\"lazy\" decoding=\"async\" width=\"850\" height=\"425\" src=\"http:\/\/izvak.org\/wp-content\/uploads\/2024\/07\/tarih_altinordu.jpg\" alt=\"\" class=\"wp-image-148\"\/><\/figure>\n\n\n\n<h3 class=\"wp-block-heading\"><strong>1923 &#8211; CUMHUR\u0130YET \u0130LE YA\u015eIT ALTINORDU SPOR KUL\u00dcB\u00dc<\/strong><\/h3>\n\n\n\n<p>Alt\u0131nordu, 26 Aral\u0131k 1923 tarihinde S\u00fcleyman Ferit Bey (Eczac\u0131ba\u015f\u0131), Ahmet \u015eerafettin Bey, Kemal Kamil Bey (Akta\u015f), Edip Berkant Bey, Eczac\u0131 Sermet Bey, Numanzade Ali R\u0131za Bey, Muallim Mehmet R\u0131za Bey, Doktor Hac\u0131 Hasanzade Ethem Bey, Katip Selami Bey, Cerrah Necipzade Ali Bey ve Eczac\u0131 R\u0131za Bey taraf\u0131ndan kuruldu.<\/p>\n\n\n\n<p>Basmane, Tilkilik ve Namazg\u00e2h semtlerinde bir kul\u00fcb\u00fcn olmamas\u0131 nedeniyle, semtte ya\u015fayan Mustafa (Bal\u00f6z), H\u00fcseyin (Yurdakul) ve Mehmet Hanc\u0131o\u011flu&#8217;nun giri\u015fimleri ve semtte ya\u015fayan Doktor Hac\u0131 Hasanzade Ethem Bey taraf\u0131ndan b\u00f6lgede de bir spor kul\u00fcb\u00fc kurulmas\u0131 fikri di\u011fer b\u00fcy\u00fcklere anlat\u0131ld\u0131. Kul\u00fcb\u00fcn kurulmas\u0131 fikri \u00fczerinde herkesin uzla\u015fmas\u0131 \u00fczerine konu S\u00fcleyman Ferit Bey&#8217;e anlat\u0131ld\u0131. S\u00fcleyman Ferit Bey, Tilkilik, Hatuniye, Namazgah ve \u0130ki\u00e7e\u015fmelik semtlerinde oturan insanlar\u0131 iyi tan\u0131yordu ve i\u00e7lerinde Kuva-yi Milliye y\u0131llar\u0131nda birlikte g\u00f6rev yapt\u0131\u011f\u0131 insanlarda vard\u0131. Sonras\u0131nda Vilayet Mektubi Kalemi&#8217;nden cemiyet nizamnamesi \u00f6rne\u011fini temin ederek kul\u00fcb\u00fcn kurulmas\u0131 i\u00e7in \u00e7al\u0131\u015fmalar\u0131 ba\u015flatt\u0131.<\/p>\n\n\n\n<p>Daha sonra kul\u00fcb\u00fcn isminin belirlenmesi i\u00e7in hemen her g\u00fcn tart\u0131\u015fmalar yap\u0131ld\u0131. O d\u00f6nemde \u00fclkede kazan\u0131lan sava\u015flardan sonra cumhuriyetin kurulmas\u0131 ile birlikte kul\u00fcb\u00fcn ismininde buna uygun olmas\u0131 karar\u0131 al\u0131nd\u0131. \u00d6nerilen isimlerden G\u00f6kt\u00fcrk ve Sakat\u00fcrk di\u011ferlerine g\u00f6re a\u011f\u0131rl\u0131k kazanmaya ba\u015flam\u0131\u015ft\u0131. Muallim Mehmet R\u0131za Bey, G\u00f6kt\u00fcrk ismi \u00fczerinde duruyordu. Toplant\u0131y\u0131 idare eden S\u00fcleyman Ferit Bey ise bir T\u00fcrk \u0130mparatorlu\u011fu olan Alt\u0131nordu&#8217;yu kul\u00fcb\u00fcn ad\u0131 olmas\u0131 i\u00e7in teklif etti. Bu teklif di\u011fer ki\u015filer taraf\u0131ndan da kabul edildi ve kul\u00fcb\u00fcn ismi Alt\u0131nordu oldu. S\u00fcleyman Ferit Bey ise Alt\u0131nordu&#8217;nun kurucu ba\u015fkan\u0131 ve isim babas\u0131 oldu.<\/p>\n\n\n\n<p>\u0130stanbul&#8217;da da ayn\u0131 ismi ta\u015f\u0131yan bir kul\u00fcp daha vard\u0131. Bu durum Vali Yard\u0131mc\u0131s\u0131 Murat Bey&#8217;e bildirildi ve bir sorun olmayaca\u011f\u0131 anla\u015f\u0131larak kul\u00fcb\u00fcn ismi tescil ettirildi. Alt\u0131nordu Spor Kul\u00fcb\u00fc, resm\u00ee olarak 26 Aral\u0131k 1923 tarihinde kuruldu. Alt\u0131nordu, tarihindeki ilk resm\u00ee ma\u00e7\u0131n\u0131 Altay tak\u0131m\u0131 ile oynad\u0131. Kul\u00fcb\u00fcn kurulu\u015funun hemen sonras\u0131nda \u015eifa Eczanesi Kupas\u0131 ad\u0131 alt\u0131nda organize edilen bu ma\u00e7\u0131 Alt\u0131nordu 2-1 kazand\u0131.<\/p>\n\n\n\n<p>Ayr\u0131ca 1966-67 sezonunda T\u00fcrkiye Deplasmanl\u0131 Basketbol Ligi ad\u0131 ile kurulan ligin ilk \u015fampiyonlu\u011funu Alt\u0131nordu basketbol tak\u0131m\u0131 kazand\u0131.<\/p>\n\n\n\n<figure class=\"wp-block-image size-full\"><img loading=\"lazy\" decoding=\"async\" width=\"850\" height=\"425\" src=\"http:\/\/izvak.org\/wp-content\/uploads\/2024\/07\/tarih_izmirspor.jpg\" alt=\"\" class=\"wp-image-149\"\/><\/figure>\n\n\n\n<h3 class=\"wp-block-heading\"><strong>1923 &#8211; \u0130ZM\u0130RSPOR KUL\u00dcB\u00dc SAHNEDE<\/strong><\/h3>\n\n\n\n<p>\u0130zmirspor1923 y\u0131l\u0131nda E\u015frefpa\u015fa semtinin ileri gelenleri taraf\u0131ndan, turuncu-siyah renklerle &#8220;Alt\u0131nay&#8221; ad\u0131yla kuruldu. Alt\u0131nay\u2019\u0131n, Sakarya Kul\u00fcb\u00fc ile girdi\u011fi rekabet, bir s\u00fcre sonra sertle\u015fince camian\u0131n ileri gelenleri, bu iki kul\u00fcb\u00fc tek \u00e7at\u0131 alt\u0131nda birle\u015ftirmeye karar verdi. 28 Kas\u0131m 1930\u2019da Alt\u0131nay ile Sakarya, \u0130zmirspor ad\u0131yla birle\u015fti.<\/p>\n\n\n\n<p>Kul\u00fcb\u00fcn resmi renkleri ise \u201cmavi-beyaz\u201d olarak tescil edildi. Ancak bu renkler, Fahrettin Altay Pa\u015fa\u2019n\u0131n iste\u011fi \u00fczerine daha sonra \u201clacivert-beyaz\u201d olarak de\u011fi\u015ftirilmi\u015fti.<\/p>\n\n\n\n<p>\u0130zmirspor\u2019da Metin Oktay, Tar\u0131k Gencay, Seyfi Talay, Sami \u00d6zok ve B.Mustafa gibi unutulmaz oyuncular yeti\u015fmi\u015ftir. Metin Oktay, \u0130zmirspor ve Galatasaray formalar\u0131yla ligde tam 217 gol atarak k\u0131r\u0131lmas\u0131 g\u00fc\u00e7 bir rekora ula\u015fm\u0131\u015ft\u0131r.<\/p>\n\n\n\n<figure class=\"wp-block-image size-full\"><img loading=\"lazy\" decoding=\"async\" width=\"850\" height=\"425\" src=\"http:\/\/izvak.org\/wp-content\/uploads\/2024\/07\/tarih_goztepe.jpg\" alt=\"\" class=\"wp-image-150\"\/><\/figure>\n\n\n\n<h3 class=\"wp-block-heading\"><strong>1925 &#8211; G\u00d6ZTEPE SPOR KUL\u00dcB\u00dc KURULUYOR<\/strong><\/h3>\n\n\n\n<p>G\u00f6ztepe, Alt\u0131nordu\u2019nun ard\u0131ndan 14 Haziran 1925 tarihinde Altay Spor Kul\u00fcb\u00fc&#8217;nden ayr\u0131larak G\u00fczelyal\u0131, \u0130zmir&#8217;de kurulmu\u015ftur. 1937-1939 aras\u0131, d\u00f6nemin \u0130zmir Valisi Fazl\u0131 G\u00fcle\u00e7&#8217;in giri\u015fimleriyle \u0130zmirspor ve Egespor&#8217;la birle\u015fmi\u015f ve Do\u011fanspor ad\u0131yla m\u00fccadele etmi\u015ftir. K\u0131sa s\u00fcre sonra tekrar eski ismini alan kul\u00fcp, T\u00fcrkiye&#8217;ye Avrupa&#8217;daki ilk sportif ba\u015far\u0131lar\u0131 getiren spor kul\u00fcb\u00fc olmu\u015ftur.1941, 1942, 1943, 1945 ve 1949 y\u0131llar\u0131nda \u0130zmir \u015eampiyonu oldu.<\/p>\n\n\n\n<p>1949 y\u0131l\u0131nda T\u00fcrkiye Futbol \u015eampiyonas\u0131&#8217;na kat\u0131lmaya hak kazand\u0131 ve \u00f6nce Gen\u00e7lerbirli\u011fi&#8217;ni, ard\u0131ndan Be\u015fikta\u015f&#8217;\u0131 eleyerek 1949-1950 sezonunda T\u00fcrkiye \u015eampiyonlu\u011funu kazand\u0131. 1968-1969 ve 1969-1970 sezonlar\u0131nda 2 kez T\u00fcrkiye Kupas\u0131&#8217;n\u0131 m\u00fczesine g\u00f6t\u00fcrm\u00fc\u015ft\u00fcr. Profesyonel liglerin ba\u015flad\u0131\u011f\u0131 1959 y\u0131l\u0131ndan itibaren 25 y\u0131l S\u00fcper Lig, 25 y\u0131l 1. Lig&#8217;de m\u00fccadele eden ve 3 kez 1. Lig \u015fampiyonlu\u011fu kazanan sar\u0131-k\u0131rm\u0131z\u0131l\u0131 camia bir\u00e7ok kupay\u0131 da m\u00fczesine getirdi.<\/p>\n\n\n\n<p>80 y\u0131l\u0131 ge\u00e7en, \u0130zmir derbisi olarak kabul edilen Kar\u015f\u0131yaka-G\u00f6ztepe aras\u0131ndaki ma\u00e7lar zaman zaman olayl\u0131 ge\u00e7mi\u015ftir. \u0130zmir Atat\u00fcrk Stadyumu&#8217;nda 16 May\u0131s 1981 tarihinde yap\u0131lan ma\u00e7 2. ligde seyirci rekoru ile Guinness Rekorlar Kitab\u0131&#8217;na girmeyi ba\u015farm\u0131\u015ft\u0131r.<\/p>\n\n\n\n<figure class=\"wp-block-image size-full\"><img loading=\"lazy\" decoding=\"async\" width=\"956\" height=\"561\" src=\"http:\/\/izvak.org\/wp-content\/uploads\/2024\/07\/tarih_buca.jpg\" alt=\"\" class=\"wp-image-151\"\/><\/figure>\n\n\n\n<h3 class=\"wp-block-heading\"><strong>1928 &#8211; BUCASPOR KUL\u00dcB\u00dc DO\u011eDU<\/strong><\/h3>\n\n\n\n<p>Kar\u015f\u0131yaka (1912), Altay (1914), \u0130zmirspor (1923), Alt\u0131nordu (1923) ve G\u00f6ztepe\u2019den (1925) sonra 1928 y\u0131l\u0131nda Bucaspor\u2019u \u0130zmir\u2019in 6. spor kul\u00fcb\u00fc olarak 1928 y\u0131l\u0131nda hedeflerini belirleyen Bucal\u0131 gen\u00e7lerden S\u00fcleyman Atakan, Bekir Eromat, Niyazi G\u00f6kg\u00f6n\u00fcl, Hasan Yal\u00e7\u0131nkaya ve Niyazi Akta\u015f taraf\u0131ndan kuruldu.<\/p>\n\n\n\n<p>Kul\u00fcb\u00fcn ilk ad\u0131, Buca \u0130dman Yurdu&#8217;dur. Kul\u00fcb\u00fcn ilk ba\u015fkanl\u0131\u011f\u0131n\u0131 ise d\u00f6nemin Belediye Reisi Muzaffer Ersezgin \u00fcstlenmi\u015ftir. 1937&#8217;de Altay ve Alt\u0131nordu ile birle\u015ferek \u00dc\u00e7okspor ad\u0131n\u0131 ald\u0131. 1939&#8217;da kul\u00fcpler, eski haline geri d\u00f6nd\u00fc.<\/p>\n\n\n\n<p>Kul\u00fcb\u00fcn o tarihteki renkleri de bug\u00fcnk\u00fc gibi sar\u0131 ve laciverttir. Bu renklerin yan\u0131na, eski ba\u015fkanlar\u0131ndan Yusuf Muhaf\u0131z\u2019\u0131n d\u00f6neminde eklenen \u201ck\u0131rm\u0131z\u0131\u201d ise daha sonra genel kurul karar\u0131yla iptal edilmi\u015ftir. 1928&#8217;den 1984&#8217;e kadar 56 y\u0131l boyunca futbolun yan\u0131 s\u0131ra g\u00fcre\u015f, masa tenisi, atletizm gibi \u00e7e\u015fitli spor bran\u015flar\u0131nda da faaliyet g\u00f6stermi\u015ftir.<\/p>\n\n\n\n<p>Bucaspor, \u0130zmir&#8217;in di\u011fer be\u015f k\u00f6kl\u00fc kul\u00fcb\u00fcn\u00fcn aksine ilk y\u0131l (1959) d\u00f6nemin S\u00fcper Lig olan Mill\u00ee Lig&#8217;de yer almayan ve S\u00fcper Lig&#8217;e sonradan y\u00fckselen, tek \u0130zmir kul\u00fcb\u00fcd\u00fcr. Bunda il\u00e7enin o zaman\u0131n \u015fehir merkezine uzak kalmas\u0131 ve k\u00fc\u00e7\u00fck bir yer olmas\u0131n\u0131n da etkisi b\u00fcy\u00fckt\u00fcr. Ne var ki 1980&#8217;lere gelindi\u011finde Buca&#8217;da b\u00fcy\u00fck bir geli\u015fme ba\u015f g\u00f6sterir, n\u00fcfus artar. \u00dcst\u00fcne \u00fcstl\u00fck 1984&#8217;te 3. Lig kurulunca Bucaspor, bu profesyonellik f\u0131rsat\u0131n\u0131 ka\u00e7\u0131rmaz.<\/p>\n\n\n\n<p>2009-10 sezonunda tarihinde ilk defa Bank Asya 1.Lig&#8217;de yer alan Bucaspor, ligin son haftas\u0131 evinde Kayseri Erciyesspor&#8217;u ma\u011flup ederek S\u00fcper Lig yolundaki rakibi Adanaspor&#8217;u hem ikili hem de genel averaj fark\u0131yla ge\u00e7ti ve ad\u0131n\u0131 S\u00fcper Lig&#8217;e yazd\u0131rarak hem iki sezon \u00fcst \u00fcste \u015fampiyon olup iki kademe atlad\u0131 hem de tarihinde ilk defa S\u00fcper Lig&#8217;e y\u00fckselmekle birlikte \u0130zmir&#8217;in 7 senelik S\u00fcper Lig \u00f6zlemini de bitirdi.<\/p>\n","protected":false},"excerpt":{"rendered":"<p>\u0130ttihat ve Terakki Partisi\u2019nin \u0130kinci Me\u015frutiyet\u2019i ilan etti\u011fi 1908 y\u0131l\u0131nda T\u00fcrkiye\u2018de futbol genellikle yabanc\u0131lar taraf\u0131ndan oynanmaktayd\u0131. \u0130zmir\u2019deki b\u00fct\u00fcn tak\u0131mlar Rumlar, Ermeniler ve \u0130ngilizler taraf\u0131ndan kurulmu\u015ftu. Panionios ve Apollon bu tak\u0131mlar\u0131n \u00f6nde gelenleriydi. Ma\u00e7lar az\u0131nl\u0131klar aras\u0131nda oynanmaktayd\u0131 ve bu az\u0131nl\u0131klar di\u011fer \u015fehirlerde oldu\u011fu gibi \u0130zmir\u2019de de futbola hakim durumdayd\u0131lar. Bu tarihte Kad\u0131zade Z\u00fcht\u00fc I\u015f\u0131l, Kad\u0131zade Ra\u015fit, [&hellip;]<\/p>\n","protected":false},"author":1,"featured_media":0,"parent":0,"menu_order":0,"comment_status":"closed","ping_status":"closed","template":"","meta":{"_uag_custom_page_level_css":"","footnotes":""},"class_list":["post-145","page","type-page","status-publish","hentry"],"uagb_featured_image_src":{"full":false,"thumbnail":false,"medium":false,"medium_large":false,"large":false,"1536x1536":false,"2048x2048":false},"uagb_author_info":{"display_name":"izvak","author_link":"https:\/\/izvak.org\/index.php\/author\/izvakorg\/"},"uagb_comment_info":0,"uagb_excerpt":"\u0130ttihat ve Terakki Partisi\u2019nin \u0130kinci Me\u015frutiyet\u2019i ilan etti\u011fi 1908 y\u0131l\u0131nda T\u00fcrkiye\u2018de futbol genellikle yabanc\u0131lar taraf\u0131ndan oynanmaktayd\u0131. \u0130zmir\u2019deki b\u00fct\u00fcn tak\u0131mlar Rumlar, Ermeniler ve \u0130ngilizler taraf\u0131ndan kurulmu\u015ftu. Panionios ve Apollon bu tak\u0131mlar\u0131n \u00f6nde gelenleriydi. Ma\u00e7lar az\u0131nl\u0131klar aras\u0131nda oynanmaktayd\u0131 ve bu az\u0131nl\u0131klar di\u011fer \u015fehirlerde oldu\u011fu gibi \u0130zmir\u2019de de futbola hakim durumdayd\u0131lar. Bu tarihte Kad\u0131zade Z\u00fcht\u00fc I\u015f\u0131l, Kad\u0131zade Ra\u015fit,&hellip;","_links":{"self":[{"href":"https:\/\/izvak.org\/index.php\/wp-json\/wp\/v2\/pages\/145","targetHints":{"allow":["GET"]}}],"collection":[{"href":"https:\/\/izvak.org\/index.php\/wp-json\/wp\/v2\/pages"}],"about":[{"href":"https:\/\/izvak.org\/index.php\/wp-json\/wp\/v2\/types\/page"}],"author":[{"embeddable":true,"href":"https:\/\/izvak.org\/index.php\/wp-json\/wp\/v2\/users\/1"}],"replies":[{"embeddable":true,"href":"https:\/\/izvak.org\/index.php\/wp-json\/wp\/v2\/comments?post=145"}],"version-history":[{"count":3,"href":"https:\/\/izvak.org\/index.php\/wp-json\/wp\/v2\/pages\/145\/revisions"}],"predecessor-version":[{"id":257,"href":"https:\/\/izvak.org\/index.php\/wp-json\/wp\/v2\/pages\/145\/revisions\/257"}],"wp:attachment":[{"href":"https:\/\/izvak.org\/index.php\/wp-json\/wp\/v2\/media?parent=145"}],"curies":[{"name":"wp","href":"https:\/\/api.w.org\/{rel}","templated":true}]}}