{"id":1517,"date":"2025-01-28T19:55:55","date_gmt":"2025-01-28T19:55:55","guid":{"rendered":"https:\/\/izvak.org\/?page_id=1517"},"modified":"2025-01-28T19:56:36","modified_gmt":"2025-01-28T19:56:36","slug":"yonetim-kurulu-baskanimiz-ali-ertenin-karsiyaka-spor-kulubu-danisma-kurulu-toplantisinda-yaptigi-sirketlesme-baslikli-sunumu","status":"publish","type":"page","link":"https:\/\/izvak.org\/index.php\/yonetim-kurulu-baskanimiz-ali-ertenin-karsiyaka-spor-kulubu-danisma-kurulu-toplantisinda-yaptigi-sirketlesme-baslikli-sunumu\/","title":{"rendered":"Ba\u015fkandan &#8211; Y\u00d6NET\u0130M KURULU BA\u015eKANIMIZ AL\u0130 ERTEN\u2019\u0130N, KAR\u015eIYAKA SPOR KUL\u00dcB\u00dc DANI\u015eMA KURULU TOPLANTISI\u2019NDA YAPTI\u011eI \u201c\u015e\u0130RKETLE\u015eME\u201d BA\u015eLIKLI SUNUMU\u2026"},"content":{"rendered":"\n<div data-wp-interactive=\"core\/file\" class=\"wp-block-file\"><object data-wp-bind--hidden=\"!state.hasPdfPreview\" hidden class=\"wp-block-file__embed\" data=\"https:\/\/izvak.org\/wp-content\/uploads\/2025\/01\/KSK-DANISMA-KURULU-SUNUMU.pdf\" type=\"application\/pdf\" style=\"width:100%;height:600px\" aria-label=\"Embed of Y\u00d6NET\u0130M KURULU BA\u015eKANIMIZ AL\u0130 ERTEN\u2019\u0130N, KAR\u015eIYAKA SPOR KUL\u00dcB\u00dc DANI\u015eMA KURULU TOPLANTISI\u2019NDA YAPTI\u011eI \u201c\u015e\u0130RKETLE\u015eME\u201d BA\u015eLIKLI SUNUMU\u2026.\"><\/object><a id=\"wp-block-file--media-a3eb4fe9-f349-4993-8053-319c53805f2c\" href=\"https:\/\/izvak.org\/wp-content\/uploads\/2025\/01\/KSK-DANISMA-KURULU-SUNUMU.pdf\">Y\u00d6NET\u0130M KURULU BA\u015eKANIMIZ AL\u0130 ERTEN\u2019\u0130N, KAR\u015eIYAKA SPOR KUL\u00dcB\u00dc DANI\u015eMA KURULU TOPLANTISI\u2019NDA YAPTI\u011eI \u201c\u015e\u0130RKETLE\u015eME\u201d BA\u015eLIKLI SUNUMU\u2026<\/a><a href=\"https:\/\/izvak.org\/wp-content\/uploads\/2025\/01\/KSK-DANISMA-KURULU-SUNUMU.pdf\" class=\"wp-block-file__button wp-element-button\" download aria-describedby=\"wp-block-file--media-a3eb4fe9-f349-4993-8053-319c53805f2c\">\u0130ndir<\/a><\/div>\n\n\n\n<p><\/p>\n","protected":false},"excerpt":{"rendered":"","protected":false},"author":1,"featured_media":0,"parent":0,"menu_order":0,"comment_status":"closed","ping_status":"closed","template":"","meta":{"_uag_custom_page_level_css":"","footnotes":""},"class_list":["post-1517","page","type-page","status-publish","hentry"],"uagb_featured_image_src":{"full":false,"thumbnail":false,"medium":false,"medium_large":false,"large":false,"1536x1536":false,"2048x2048":false},"uagb_author_info":{"display_name":"izvak","author_link":"https:\/\/izvak.org\/index.php\/author\/izvakorg\/"},"uagb_comment_info":0,"uagb_excerpt":null,"_links":{"self":[{"href":"https:\/\/izvak.org\/index.php\/wp-json\/wp\/v2\/pages\/1517","targetHints":{"allow":["GET"]}}],"collection":[{"href":"https:\/\/izvak.org\/index.php\/wp-json\/wp\/v2\/pages"}],"about":[{"href":"https:\/\/izvak.org\/index.php\/wp-json\/wp\/v2\/types\/page"}],"author":[{"embeddable":true,"href":"https:\/\/izvak.org\/index.php\/wp-json\/wp\/v2\/users\/1"}],"replies":[{"embeddable":true,"href":"https:\/\/izvak.org\/index.php\/wp-json\/wp\/v2\/comments?post=1517"}],"version-history":[{"count":2,"href":"https:\/\/izvak.org\/index.php\/wp-json\/wp\/v2\/pages\/1517\/revisions"}],"predecessor-version":[{"id":1520,"href":"https:\/\/izvak.org\/index.php\/wp-json\/wp\/v2\/pages\/1517\/revisions\/1520"}],"wp:attachment":[{"href":"https:\/\/izvak.org\/index.php\/wp-json\/wp\/v2\/media?parent=1517"}],"curies":[{"name":"wp","href":"https:\/\/api.w.org\/{rel}","templated":true}]}}