{"id":153,"date":"2024-07-09T09:28:16","date_gmt":"2024-07-09T09:28:16","guid":{"rendered":"http:\/\/izvak.org\/?page_id=153"},"modified":"2024-11-06T11:46:47","modified_gmt":"2024-11-06T11:46:47","slug":"uye-kuluplerimiz","status":"publish","type":"page","link":"https:\/\/izvak.org\/index.php\/uye-kuluplerimiz\/","title":{"rendered":"\u00dcye Kul\u00fcplerimiz"},"content":{"rendered":"\n\n<style>\nhtml {\n  box-sizing: border-box;\n}\n*, *:before, *:after {\n  box-sizing: inherit;\n}\n.column {\n  float: left;\n  width: 20%;\n  margin-bottom: 16px;\n  padding: 0 8px;\n}\n@media screen and (max-width: 650px) {\n  .column {\n    width: 100%;\n    display: block;\n  }\n}\n.card {\n  box-shadow: 0 4px 8px 0 rgba(0, 0, 0, 0.2);\n}\n.container {\n  padding: 0 16px;\n}\n.container::after, .row::after {\n  content: \"\";\n  clear: both;\n  display: table;\n}\n.title {\n  color: grey;\n}\n.button {\n  border: none;\n  outline: 0;\n  display: inline-block;\n  padding: 8px;\n  color: white;\n  background-color: #202f5b;\n  text-align: center;\n  font-weight: bold;\n  cursor: pointer;\n  width: 100%;\n}\n.button:hover {\n  background-color: #555;\n}\n \nh2 {\n  font-size: 27px;\n  line-height: 1.3;\n}\n<\/style>\n \n \n<div class=\"row\">\n \n<div class=\"column\">\n<div class=\"card\">\n<center>\n<a href=\"https:\/\/www.aliagasporfk.org\/\">\n<img decoding=\"async\" src=\"http:\/\/izvak.org\/wp-content\/uploads\/2024\/07\/aliaga_fk.jpg\" alt=\"Jane\" style=\"max-height: 250px; max-width: 250px; object-fit: cover;\">\n<\/center>\n<\/a>\n<div class=\"container\">\n<center>\n<h2>Alia\u011fa FK<\/h2>\n<a href=\"https:\/\/www.aliagasporfk.org\">www.aliagaspor.org<\/a>\n<\/center>\n<\/div>\n<\/div>\n<\/div>\n\n\n\n<div class=\"column\">\n<div class=\"card\">\n<center>\n<a href=\"https:\/\/www.altay.org.tr\/\">\n<img decoding=\"async\"  height = 250 src=\"http:\/\/izvak.org\/wp-content\/uploads\/2024\/07\/logo_altay.jpg\" alt=\"Jane\" style=\"max-height: 250px; max-width: 250px; object-fit: cover;\">\n<\/center>\n<\/a>\n<div class=\"container\">\n<center>\n<h2>Altay<\/h2>\n<a href=\"https:\/\/www.altay.org.tr\">www.altay.org.tr<\/a>\n<\/center>\n<\/div>\n<\/div>\n<\/div>\n \n<div class=\"column\">\n<div class=\"card\">\n<center>\n<a href=\"https:\/\/www.altinordu.org.tr\/\">\n<img decoding=\"async\" src=\"http:\/\/izvak.org\/wp-content\/uploads\/2024\/07\/logo_altinordu.jpg\" alt=\"Jane\" style=\"max-height: 250px; max-width: 250px; object-fit: cover;\">\n<\/center>\n<\/a>\n<div class=\"container\">\n<center>\n<h2>Alt\u0131nordu<\/h2>\n<a href=\"https:\/\/www.altinordu.org.tr\">www.altinordu.org.tr<\/a>\n<\/center>\n<\/div>\n<\/div>\n<\/div>\n \n \n\n \n\n\n\n\n\n<div class=\"column\">\n<div class=\"card\">\n<center>\n<a href=\"https:\/\/bornova1877.com.tr\/\">\n<img decoding=\"async\" src=\"http:\/\/izvak.org\/wp-content\/uploads\/2024\/07\/bornova1877.jpg\" alt=\"Jane\" style=\"max-height: 250px; max-width: 250px; object-fit: cover;\">\n<\/center>\n<\/a>\n<div class=\"container\">\n<center>\n<h2>Bornova 1877<\/h2>\n<a href=\"https:\/\/bornova1877.com.tr\/\">https:\/\/bornova1877.com.tr<\/a>\n<\/center>\n<\/div>\n<\/div>\n<\/div>\n\n\n<div class=\"column\">\n<div class=\"card\">\n<center>\n<a href=\"https:\/\/tr.wikipedia.org\/wiki\/Bucaspor_1928\">\n<img decoding=\"async\" src=\"http:\/\/izvak.org\/wp-content\/uploads\/2024\/07\/1928_Bucaspor_logo_2.png\" alt=\"Jane\" style=\"max-height: 250px; max-width: 250px; object-fit: cover;\">\n<\/center>\n<\/a>\n<div class=\"container\">\n<center>\n<h2>Bucaspor FK<\/h2>\n<a href=\"https:\/\/tr.wikipedia.org\/wiki\/Bucaspor_1928\">Bucaspor  1928<\/a>\n<\/center>\n<\/div>\n<\/div>\n<\/div>\n\n\n<\/div>\n\n\n <div class=\"row\">\n \n<div class=\"column\">\n<div class=\"card\">\n<center>\n<a href=\"https:\/\/www.goztepe.org.tr\/\">\n<img decoding=\"async\" src=\"http:\/\/izvak.org\/wp-content\/uploads\/2024\/07\/logo_goztepe.jpg\" alt=\"Jane\" style=\"max-height: 250px; max-width: 250px; object-fit: cover;\">\n<\/center>\n<\/a>\n<div class=\"container\">\n<center>\n<h2>G\u00f6ztepe<\/h2>\n<a href=\"https:\/\/www.goztepe.org.tr\">www.goztepe.org.tr<\/a>\n<\/center>\n<\/div>\n<\/div>\n<\/div>\n\n \n<div class=\"column\">\n<div class=\"card\">\n<center>\n<a href=\"https:\/\/www.bergama.bel.tr\/\">\n<img decoding=\"async\" src=\"http:\/\/izvak.org\/wp-content\/uploads\/2024\/11\/Izmir_coruhlu_fk.png\" alt=\"Jane\" style=\"max-height: 200px; max-width: 200px; object-fit: cover;\">\n<\/center>\n<\/a>\n<div class=\"container\">\n<center>\n<h2>\u0130zmir \u00c7oruhlu FK<\/h2>\n<a href=\"https:\/\/tr.wikipedia.org\/wiki\/\u0130zmir_\u00c7oruhlu_FK\">\u0130zmir \u00c7oruhlu FK<\/a>\n<\/center>\n<\/div>\n<\/div>\n<\/div>\n\n\n  \n<div class=\"column\">\n<div class=\"card\">\n<center>\n<a href=\"https:\/\/www.izmirspor.com.tr\/\">\n<img decoding=\"async\" src=\"http:\/\/izvak.org\/wp-content\/uploads\/2024\/11\/Izmirspor-e1730893336314.jpeg\" alt=\"Jane\" style=\"max-height: 200px; max-width: 200px; object-fit: cover;\">\n<\/center>\n<\/a>\n<div class=\"container\">\n<center>\n<h2>\u0130zmirspor<\/h2>\n<a href=\"https:\/\/www.izmirspor.com.tr\">www.izmirspor.com.tr<\/a>\n<\/center>\n<\/div>\n<\/div>\n<\/div>\n \n \n<div class=\"column\">\n<div class=\"card\">\n<center>\n  <center>\n    <a href=\"https:\/\/www.ksk.org.tr\/\">\n      <img decoding=\"async\" src=\"http:\/\/izvak.org\/wp-content\/uploads\/2024\/11\/ksk-logo_pages-to-jpg-0001.jpg\" alt=\"KSK\" style=\"max-height: 200px; max-width: 200px; object-fit: cover;\">\n    <\/a>\n    <\/center>\n    <div class=\"container\">\n        <center>\n        <h2>Kar\u015f\u0131yaka<\/h2>\n        <a href=\"https:\/\/www.ksk.org.tr\">www.ksk.org.tr<\/a>\n      <\/center>\n    <\/div>\n  <\/div>\n  <\/div>\n \n\n\n<div class=\"column\">\n<div class=\"card\">\n<center>\n<a href=\"https:\/\/www.menemen.org.tr\/\">\n<img decoding=\"async\" src=\"http:\/\/izvak.org\/wp-content\/uploads\/2024\/07\/logo_menemen.jpg\" alt=\"Jane\" style=\"max-height: 250px; max-width: 250px; object-fit: cover;\">\n<\/center>\n<\/a>\n<div class=\"container\">\n<center>\n<h2>Menemen FK<\/h2>\n<a href=\"https:\/\/www.menemen.org.tr\">www.menemen.org.tr<\/a>\n<\/center>\n<\/div>\n<\/div>\n<\/div>\n\n\n \n<\/div>\n\n<div class=\"row\">\n \n<div class=\"column\">\n<div class=\"card\">\n<center>\n<a href=\"https:\/\/tr.wikipedia.org\/wiki\/Tire_2021_FK\">\n<img decoding=\"async\" src=\"http:\/\/izvak.org\/wp-content\/uploads\/2024\/11\/456064070_510333981572975_7296178046122752685_n.jpg\" alt=\"Jane\" style=\"max-height: 200px; max-width: 200px; object-fit: cover;\">\n<\/center>\n<\/a>\n<div class=\"container\">\n<center>\n<h2>Tire FK<\/h2>\n<a href=\"https:\/\/tr.wikipedia.org\/wiki\/Tire_2021_FK\">Tire FK<\/a>\n<\/center>\n<\/div>\n<\/div>\n<\/div>\n\n\n\n<\/div>\n","protected":false},"excerpt":{"rendered":"<p>Alia\u011fa FK www.aliagaspor.org Altay www.altay.org.tr Alt\u0131nordu www.altinordu.org.tr Bornova 1877 https:\/\/bornova1877.com.tr Bucaspor FK Bucaspor 1928 G\u00f6ztepe www.goztepe.org.tr \u0130zmir \u00c7oruhlu FK \u0130zmir \u00c7oruhlu FK \u0130zmirspor www.izmirspor.com.tr Kar\u015f\u0131yaka www.ksk.org.tr Menemen FK www.menemen.org.tr Tire FK Tire FK<\/p>\n","protected":false},"author":1,"featured_media":0,"parent":0,"menu_order":0,"comment_status":"closed","ping_status":"closed","template":"","meta":{"_uag_custom_page_level_css":"","footnotes":""},"class_list":["post-153","page","type-page","status-publish","hentry"],"uagb_featured_image_src":{"full":false,"thumbnail":false,"medium":false,"medium_large":false,"large":false,"1536x1536":false,"2048x2048":false},"uagb_author_info":{"display_name":"izvak","author_link":"https:\/\/izvak.org\/index.php\/author\/izvakorg\/"},"uagb_comment_info":0,"uagb_excerpt":"Alia\u011fa FK www.aliagaspor.org Altay www.altay.org.tr Alt\u0131nordu www.altinordu.org.tr Bornova 1877 https:\/\/bornova1877.com.tr Bucaspor FK Bucaspor 1928 G\u00f6ztepe www.goztepe.org.tr \u0130zmir \u00c7oruhlu FK \u0130zmir \u00c7oruhlu FK \u0130zmirspor www.izmirspor.com.tr Kar\u015f\u0131yaka www.ksk.org.tr Menemen FK www.menemen.org.tr Tire FK Tire FK","_links":{"self":[{"href":"https:\/\/izvak.org\/index.php\/wp-json\/wp\/v2\/pages\/153","targetHints":{"allow":["GET"]}}],"collection":[{"href":"https:\/\/izvak.org\/index.php\/wp-json\/wp\/v2\/pages"}],"about":[{"href":"https:\/\/izvak.org\/index.php\/wp-json\/wp\/v2\/types\/page"}],"author":[{"embeddable":true,"href":"https:\/\/izvak.org\/index.php\/wp-json\/wp\/v2\/users\/1"}],"replies":[{"embeddable":true,"href":"https:\/\/izvak.org\/index.php\/wp-json\/wp\/v2\/comments?post=153"}],"version-history":[{"count":56,"href":"https:\/\/izvak.org\/index.php\/wp-json\/wp\/v2\/pages\/153\/revisions"}],"predecessor-version":[{"id":1011,"href":"https:\/\/izvak.org\/index.php\/wp-json\/wp\/v2\/pages\/153\/revisions\/1011"}],"wp:attachment":[{"href":"https:\/\/izvak.org\/index.php\/wp-json\/wp\/v2\/media?parent=153"}],"curies":[{"name":"wp","href":"https:\/\/api.w.org\/{rel}","templated":true}]}}