{"id":1559,"date":"2025-02-04T12:20:40","date_gmt":"2025-02-04T12:20:40","guid":{"rendered":"https:\/\/izvak.org\/?page_id=1559"},"modified":"2025-02-26T18:48:52","modified_gmt":"2025-02-26T18:48:52","slug":"izvak-izmir-spor-kulupleri-birligi-vakfi-04-02-2025","status":"publish","type":"page","link":"https:\/\/izvak.org\/index.php\/izvak-izmir-spor-kulupleri-birligi-vakfi-04-02-2025\/","title":{"rendered":"\u0130ZVAK-\u0130ZM\u0130R-SPOR-KUL\u00dcPLER\u0130-B\u0130RL\u0130\u011e\u0130-VAKFI-25.02.2025"},"content":{"rendered":"\n<div data-wp-interactive=\"core\/file\" class=\"wp-block-file\"><object data-wp-bind--hidden=\"!state.hasPdfPreview\" hidden class=\"wp-block-file__embed\" data=\"https:\/\/izvak.org\/wp-content\/uploads\/2025\/02\/IZVAK_OZET_BILGI_NOTU.pdf\" type=\"application\/pdf\" style=\"width:100%;height:600px\" aria-label=\"Embed of \u0130ZVAK_\u00d6ZET_B\u0130LG\u0130_NOTU.\"><\/object><a id=\"wp-block-file--media-f12027f7-439a-4bd5-9b65-5c240a894172\" href=\"https:\/\/izvak.org\/wp-content\/uploads\/2025\/02\/IZVAK_OZET_BILGI_NOTU.pdf\">\u0130ZVAK_\u00d6ZET_B\u0130LG\u0130_NOTU<\/a><a href=\"https:\/\/izvak.org\/wp-content\/uploads\/2025\/02\/IZVAK_OZET_BILGI_NOTU.pdf\" class=\"wp-block-file__button wp-element-button\" download aria-describedby=\"wp-block-file--media-f12027f7-439a-4bd5-9b65-5c240a894172\">\u0130ndir<\/a><\/div>\n\n\n\n<p><\/p>\n","protected":false},"excerpt":{"rendered":"","protected":false},"author":1,"featured_media":0,"parent":0,"menu_order":0,"comment_status":"closed","ping_status":"closed","template":"","meta":{"_uag_custom_page_level_css":"","footnotes":""},"class_list":["post-1559","page","type-page","status-publish","hentry"],"uagb_featured_image_src":{"full":false,"thumbnail":false,"medium":false,"medium_large":false,"large":false,"1536x1536":false,"2048x2048":false},"uagb_author_info":{"display_name":"izvak","author_link":"https:\/\/izvak.org\/index.php\/author\/izvakorg\/"},"uagb_comment_info":0,"uagb_excerpt":null,"_links":{"self":[{"href":"https:\/\/izvak.org\/index.php\/wp-json\/wp\/v2\/pages\/1559","targetHints":{"allow":["GET"]}}],"collection":[{"href":"https:\/\/izvak.org\/index.php\/wp-json\/wp\/v2\/pages"}],"about":[{"href":"https:\/\/izvak.org\/index.php\/wp-json\/wp\/v2\/types\/page"}],"author":[{"embeddable":true,"href":"https:\/\/izvak.org\/index.php\/wp-json\/wp\/v2\/users\/1"}],"replies":[{"embeddable":true,"href":"https:\/\/izvak.org\/index.php\/wp-json\/wp\/v2\/comments?post=1559"}],"version-history":[{"count":7,"href":"https:\/\/izvak.org\/index.php\/wp-json\/wp\/v2\/pages\/1559\/revisions"}],"predecessor-version":[{"id":1795,"href":"https:\/\/izvak.org\/index.php\/wp-json\/wp\/v2\/pages\/1559\/revisions\/1795"}],"wp:attachment":[{"href":"https:\/\/izvak.org\/index.php\/wp-json\/wp\/v2\/media?parent=1559"}],"curies":[{"name":"wp","href":"https:\/\/api.w.org\/{rel}","templated":true}]}}