{"id":1771,"date":"2025-02-19T11:31:57","date_gmt":"2025-02-19T11:31:57","guid":{"rendered":"https:\/\/izvak.org\/?page_id=1771"},"modified":"2025-02-19T15:55:04","modified_gmt":"2025-02-19T15:55:04","slug":"yonetim-kurulundan-onur-yilinda-goztepenin-kurulus-hikayesi","status":"publish","type":"page","link":"https:\/\/izvak.org\/index.php\/yonetim-kurulundan-onur-yilinda-goztepenin-kurulus-hikayesi\/","title":{"rendered":"Y\u00d6NET\u0130M KURULUNDAN &#8211; 100. ONUR YILINDA G\u00d6ZTEPE&#8217;N\u0130N KURULU\u015e H\u0130KAYES\u0130\u2026 &#8211; S\u0130NAN GEN\u00c7 17.02.2025"},"content":{"rendered":"\n<div data-wp-interactive=\"core\/file\" class=\"wp-block-file\"><object data-wp-bind--hidden=\"!state.hasPdfPreview\" hidden class=\"wp-block-file__embed\" data=\"https:\/\/izvak.org\/wp-content\/uploads\/2025\/02\/100.-ONUR-YILINDA-GOZTEPENIN-KURULUS-HIKAYESI.-SINAN-GENC-17.02.2025.pdf\" type=\"application\/pdf\" style=\"width:100%;height:600px\" aria-label=\"Embed of 100. ONUR YILINDA G\u00d6ZTEPE&apos;N\u0130N KURULU\u015e H\u0130KAYES\u0130... - S\u0130NAN GEN\u00c7, 17.02.2025.\"><\/object><a id=\"wp-block-file--media-96d7f10c-40d6-417e-b6db-f9ddb012516f\" href=\"https:\/\/izvak.org\/wp-content\/uploads\/2025\/02\/100.-ONUR-YILINDA-GOZTEPENIN-KURULUS-HIKAYESI.-SINAN-GENC-17.02.2025.pdf\">100. ONUR YILINDA G\u00d6ZTEPE&#8217;N\u0130N KURULU\u015e H\u0130KAYES\u0130&#8230; &#8211; S\u0130NAN GEN\u00c7, 17.02.2025<\/a><a href=\"https:\/\/izvak.org\/wp-content\/uploads\/2025\/02\/100.-ONUR-YILINDA-GOZTEPENIN-KURULUS-HIKAYESI.-SINAN-GENC-17.02.2025.pdf\" class=\"wp-block-file__button wp-element-button\" download aria-describedby=\"wp-block-file--media-96d7f10c-40d6-417e-b6db-f9ddb012516f\">\u0130ndir<\/a><\/div>\n\n\n\n<p><\/p>\n","protected":false},"excerpt":{"rendered":"","protected":false},"author":1,"featured_media":0,"parent":0,"menu_order":0,"comment_status":"closed","ping_status":"closed","template":"","meta":{"_uag_custom_page_level_css":"","footnotes":""},"class_list":["post-1771","page","type-page","status-publish","hentry"],"uagb_featured_image_src":{"full":false,"thumbnail":false,"medium":false,"medium_large":false,"large":false,"1536x1536":false,"2048x2048":false},"uagb_author_info":{"display_name":"izvak","author_link":"https:\/\/izvak.org\/index.php\/author\/izvakorg\/"},"uagb_comment_info":0,"uagb_excerpt":null,"_links":{"self":[{"href":"https:\/\/izvak.org\/index.php\/wp-json\/wp\/v2\/pages\/1771","targetHints":{"allow":["GET"]}}],"collection":[{"href":"https:\/\/izvak.org\/index.php\/wp-json\/wp\/v2\/pages"}],"about":[{"href":"https:\/\/izvak.org\/index.php\/wp-json\/wp\/v2\/types\/page"}],"author":[{"embeddable":true,"href":"https:\/\/izvak.org\/index.php\/wp-json\/wp\/v2\/users\/1"}],"replies":[{"embeddable":true,"href":"https:\/\/izvak.org\/index.php\/wp-json\/wp\/v2\/comments?post=1771"}],"version-history":[{"count":3,"href":"https:\/\/izvak.org\/index.php\/wp-json\/wp\/v2\/pages\/1771\/revisions"}],"predecessor-version":[{"id":1779,"href":"https:\/\/izvak.org\/index.php\/wp-json\/wp\/v2\/pages\/1771\/revisions\/1779"}],"wp:attachment":[{"href":"https:\/\/izvak.org\/index.php\/wp-json\/wp\/v2\/media?parent=1771"}],"curies":[{"name":"wp","href":"https:\/\/api.w.org\/{rel}","templated":true}]}}