{"id":181,"date":"2024-07-09T12:06:45","date_gmt":"2024-07-09T12:06:45","guid":{"rendered":"http:\/\/izvak.org\/?page_id=181"},"modified":"2026-01-22T17:15:33","modified_gmt":"2026-01-22T17:15:33","slug":"faaliyet-raporlari","status":"publish","type":"page","link":"https:\/\/izvak.org\/index.php\/faaliyet-raporlari\/","title":{"rendered":"Faaliyet Raporlar\u0131"},"content":{"rendered":"\n<div class=\"wp-block-columns is-layout-flex wp-container-core-columns-is-layout-9d6595d7 wp-block-columns-is-layout-flex\">\n<div class=\"wp-block-column is-layout-flow wp-block-column-is-layout-flow\" style=\"flex-basis:25%\"><\/div>\n\n\n\n<div class=\"wp-block-column is-layout-flow wp-block-column-is-layout-flow\" style=\"flex-basis:25%\"><\/div>\n\n\n\n<div class=\"wp-block-column is-layout-flow wp-block-column-is-layout-flow\" style=\"flex-basis:25%\"><\/div>\n<\/div>\n\n\n\n<div class=\"mg-card-box padding-20\"> \n    <div class=\"wp-block-columns is-layout-flex wp-container-core-columns-is-layout-1 wp-block-columns-is-layout-flex\">\n\n        <div class=\"wp-block-column is-layout-flow wp-block-column-is-layout-flow\" style=\"flex-basis:25%\">\n            <div style=\"width:400px;display:inline-block;\">\n                <div>\n                    <a target=\"_blank\" href=\"http:\/\/izvak.org\/wp-content\/uploads\/2024\/07\/faaliyetRaporu2021.pdf\" rel=\"noopener\">\n                        <img decoding=\"async\" src=\"http:\/\/izvak.org\/wp-content\/uploads\/2024\/07\/faaliyetRaporu2021.jpg\" width=\"300\">\n                    <\/a>\n                <\/div>\n                <div style=\"line-height:36px;\">\n                    <i class=\"fas fa-file-download\" style=\"font-size:24px\"><\/i> \n                    <a target=\"_blank\" href=\"http:\/\/izvak.org\/wp-content\/uploads\/2024\/07\/faaliyetRaporu2021.pdf\" style=\"font-size:19px\" rel=\"noopener\">N\u0130SAN &#8211; 2021<\/a>\n                <\/div>\n            <\/div>\n        <\/div>\n\n        <div class=\"wp-block-column is-layout-flow wp-block-column-is-layout-flow\" style=\"flex-basis:25%\">\n            <div style=\"width:400px;display:inline-block;\">\n                <div>\n                    <a target=\"_blank\" href=\"http:\/\/izvak.org\/wp-content\/uploads\/2024\/07\/faaliyetRaporu2021_aralik.pdf\" rel=\"noopener\">\n                        <img decoding=\"async\" src=\"http:\/\/izvak.org\/wp-content\/uploads\/2024\/07\/faaliyetRaporu2021_aralik.jpg\" width=\"300\">\n                    <\/a>\n                <\/div>\n                <div style=\"line-height:36px;\">\n                    <i class=\"fas fa-file-download\" style=\"font-size:24px\"><\/i> \n                    <a target=\"_blank\" href=\"http:\/\/izvak.org\/wp-content\/uploads\/2024\/07\/faaliyetRaporu2021_aralik.pdf\" style=\"font-size:19px\" rel=\"noopener\">ARALIK &#8211; 2021<\/a>\n                <\/div>\n            <\/div>\n        <\/div>\n\n        <div class=\"wp-block-column is-layout-flow wp-block-column-is-layout-flow\" style=\"flex-basis:25%\">\n            <div style=\"width:400px;display:inline-block;\">\n                <div>\n                    <a target=\"_blank\" href=\"http:\/\/izvak.org\/wp-content\/uploads\/2024\/07\/faaliyetRaporu2022_aralik.pdf\" rel=\"noopener\">\n                        <img decoding=\"async\" src=\"http:\/\/izvak.org\/wp-content\/uploads\/2024\/07\/faaliyetRaporu2022_aralik.jpg\" width=\"300\">\n                    <\/a>\n                <\/div>\n                <div style=\"line-height:36px;\">\n                    <i class=\"fas fa-file-download\" style=\"font-size:24px\"><\/i> \n                    <a target=\"_blank\" href=\"http:\/\/izvak.org\/wp-content\/uploads\/2024\/07\/faaliyetRaporu2022_aralik.pdf\" style=\"font-size:19px\" rel=\"noopener\">ARALIK &#8211; 2022<\/a>\n                <\/div>\n            <\/div>\n        <\/div>\n\n        <div class=\"wp-block-column is-layout-flow wp-block-column-is-layout-flow\" style=\"flex-basis:25%\">\n            <div style=\"width:400px;display:inline-block;\">\n                <div>\n                    <a target=\"_blank\" href=\"http:\/\/izvak.org\/wp-content\/uploads\/2024\/07\/faaliyetRaporu2023_aralik.pdf\" rel=\"noopener\">\n                        <img decoding=\"async\" src=\"http:\/\/izvak.org\/wp-content\/uploads\/2024\/07\/faaliyetRaporu2023_aralik.jpg\" width=\"300\">\n                    <\/a>\n                <\/div>\n                <div style=\"line-height:36px;\">\n                    <i class=\"fas fa-file-download\" style=\"font-size:24px\"><\/i> \n                    <a target=\"_blank\" href=\"http:\/\/izvak.org\/wp-content\/uploads\/2024\/07\/faaliyetRaporu2023_aralik.pdf\" style=\"font-size:19px\" rel=\"noopener\">ARALIK &#8211; 2023<\/a>\n                <\/div>\n            <\/div>\n        <\/div>\n    <\/div>\n\n    <!-- New row for ARALIK - 2024 & 2025 -->\n    <div class=\"wp-block-columns is-layout-flex wp-container-core-columns-is-layout-1 wp-block-columns-is-layout-flex\">\n\n        <div class=\"wp-block-column is-layout-flow wp-block-column-is-layout-flow\" style=\"flex-basis:25%\">\n            <div style=\"width:400px;display:inline-block;\">\n                <div>\n                    <a target=\"_blank\" href=\"http:\/\/izvak.org\/wp-content\/uploads\/2025\/02\/faaliyetRaporu2024_aralik.pdf\" rel=\"noopener\">\n                        <img decoding=\"async\" src=\"http:\/\/izvak.org\/wp-content\/uploads\/2025\/02\/faaliyet_2025_kapak.png\" width=\"300\">\n                    <\/a>\n                <\/div>\n                <div style=\"line-height:36px;\">\n                    <i class=\"fas fa-file-download\" style=\"font-size:24px\"><\/i> \n                    <a target=\"_blank\" href=\"http:\/\/izvak.org\/wp-content\/uploads\/2025\/02\/faaliyetRaporu2024_aralik.pdf\" style=\"font-size:19px\" rel=\"noopener\">ARALIK &#8211; 2024<\/a>\n                <\/div>\n            <\/div>\n        <\/div>\n\n        <!-- ARALIK - 2025 -->\n        <div class=\"wp-block-column is-layout-flow wp-block-column-is-layout-flow\" style=\"flex-basis:25%\">\n            <div style=\"width:400px;display:inline-block;\">\n                <div>\n                    <a target=\"_blank\" href=\"http:\/\/izvak.org\/wp-content\/uploads\/2026\/01\/izvak-2025-faaliyet-raporu.pdf\" rel=\"noopener\">\n                        <img decoding=\"async\" src=\"http:\/\/izvak.org\/wp-content\/uploads\/2026\/01\/kapak_2025_faaliyet.png\" width=\"300\">\n                    <\/a>\n                <\/div>\n                <div style=\"line-height:36px;\">\n                    <i class=\"fas fa-file-download\" style=\"font-size:24px\"><\/i> \n                    <a target=\"_blank\" href=\"http:\/\/izvak.org\/wp-content\/uploads\/2026\/01\/izvak-2025-faaliyet-raporu.pdf\" style=\"font-size:19px\" rel=\"noopener\">ARALIK &#8211; 2025<\/a>\n                <\/div>\n            <\/div>\n        <\/div>\n\n    <\/div>\n<\/div>\n\n\n\n\n<p><a href=\"https:\/\/izvak.org\/index.php\/izvak-izmir-spor-kulupleri-birligi-vakfi-04-02-2025\/\" data-type=\"page\" data-id=\"1559\">\u201cKISA TANITIM METN\u0130M\u0130Z\u0130 BURADAN \u0130ND\u0130REB\u0130L\u0130RS\u0130N\u0130Z\u201d<\/a><\/p>\n\n\n\n<p><\/p>\n","protected":false},"excerpt":{"rendered":"<p>N\u0130SAN &#8211; 2021 ARALIK &#8211; 2021 ARALIK &#8211; 2022 ARALIK &#8211; 2023 ARALIK &#8211; 2024 ARALIK &#8211; 2025 \u201cKISA TANITIM METN\u0130M\u0130Z\u0130 BURADAN \u0130ND\u0130REB\u0130L\u0130RS\u0130N\u0130Z\u201d<\/p>\n","protected":false},"author":1,"featured_media":0,"parent":0,"menu_order":0,"comment_status":"closed","ping_status":"closed","template":"","meta":{"_uag_custom_page_level_css":"","footnotes":""},"class_list":["post-181","page","type-page","status-publish","hentry"],"uagb_featured_image_src":{"full":false,"thumbnail":false,"medium":false,"medium_large":false,"large":false,"1536x1536":false,"2048x2048":false},"uagb_author_info":{"display_name":"izvak","author_link":"https:\/\/izvak.org\/index.php\/author\/izvakorg\/"},"uagb_comment_info":0,"uagb_excerpt":"N\u0130SAN &#8211; 2021 ARALIK &#8211; 2021 ARALIK &#8211; 2022 ARALIK &#8211; 2023 ARALIK &#8211; 2024 ARALIK &#8211; 2025 \u201cKISA TANITIM METN\u0130M\u0130Z\u0130 BURADAN \u0130ND\u0130REB\u0130L\u0130RS\u0130N\u0130Z\u201d","_links":{"self":[{"href":"https:\/\/izvak.org\/index.php\/wp-json\/wp\/v2\/pages\/181","targetHints":{"allow":["GET"]}}],"collection":[{"href":"https:\/\/izvak.org\/index.php\/wp-json\/wp\/v2\/pages"}],"about":[{"href":"https:\/\/izvak.org\/index.php\/wp-json\/wp\/v2\/types\/page"}],"author":[{"embeddable":true,"href":"https:\/\/izvak.org\/index.php\/wp-json\/wp\/v2\/users\/1"}],"replies":[{"embeddable":true,"href":"https:\/\/izvak.org\/index.php\/wp-json\/wp\/v2\/comments?post=181"}],"version-history":[{"count":43,"href":"https:\/\/izvak.org\/index.php\/wp-json\/wp\/v2\/pages\/181\/revisions"}],"predecessor-version":[{"id":2054,"href":"https:\/\/izvak.org\/index.php\/wp-json\/wp\/v2\/pages\/181\/revisions\/2054"}],"wp:attachment":[{"href":"https:\/\/izvak.org\/index.php\/wp-json\/wp\/v2\/media?parent=181"}],"curies":[{"name":"wp","href":"https:\/\/api.w.org\/{rel}","templated":true}]}}