{"id":189,"date":"2024-07-09T12:23:55","date_gmt":"2024-07-09T12:23:55","guid":{"rendered":"http:\/\/izvak.org\/?page_id=189"},"modified":"2024-11-27T15:51:47","modified_gmt":"2024-11-27T15:51:47","slug":"danisma-kurulu","status":"publish","type":"page","link":"https:\/\/izvak.org\/index.php\/danisma-kurulu\/","title":{"rendered":"Dan\u0131\u015fma Kurulu &#8211; yedek"},"content":{"rendered":"\n<style>\n  html {\n    box-sizing: border-box;\n  }\n   \n  *, *:before, *:after {\n    box-sizing: inherit;\n  }\n   \n  .column {\n    float: left;\n    width: 20%;\n    margin-bottom: 16px;\n    padding: 0 8px;\n  }\n   \n  @media screen and (max-width: 650px) {\n    .column {\n      width: 100%;\n      display: block;\n    }\n  }\n   \n  .card {\n    box-shadow: 0 4px 8px 0 rgba(0, 0, 0, 0.2);\n  }\n   \n  .container {\n    padding: 0 16px;\n  }\n   \n  .container::after, .row::after {\n    content: \"\";\n    clear: both;\n    display: table;\n  }\n   \n  .title {\n    color: grey;\n  }\n   \n  .button {\n    border: none;\n    outline: 0;\n    display: inline-block;\n    padding: 8px;\n    color: white;\n    background-color: #202f5b;\n    text-align: center;\n    font-weight: bold;\n    cursor: pointer;\n    width: 100%;\n  }\n   \n  .button:hover {\n    background-color: #555;\n  }\n  \n  h2 {\n    font-size: 27px;\n    line-height: 1.3;\n  }\n  <\/style>\n  \n  \n  <div class=\"row\">\n  \n  <div class=\"column\">\n  <div class=\"card\">\n  <img decoding=\"async\" src=\"http:\/\/izvak.org\/wp-content\/uploads\/2024\/07\/profile_picture-3.jpg\"alt=\"Jane\" style=\"width:100%\">\n  <div class=\"container\">\n  <h2>Ahmet Talimciler<\/h2>\n  \n  <\/div>\n  <\/div>\n  <\/div>\n   \n   \n  \n  <div class=\"column\">\n  <div class=\"card\">\n  <img decoding=\"async\" src=\"http:\/\/izvak.org\/wp-content\/uploads\/2024\/07\/profile_picture-3.jpg\"alt=\"Jane\" style=\"width:100%\">\n  <div class=\"container\">\n  <h2>Ahmet Ta\u015fp\u0131nar<\/h2>\n  \n  <\/div>\n  <\/div>\n  <\/div>\n  \n   \n  \n  <div class=\"column\">\n  <div class=\"card\">\n  <img decoding=\"async\" src=\"http:\/\/izvak.org\/wp-content\/uploads\/2024\/07\/profile_picture-3.jpg\"alt=\"Jane\" style=\"width:100%\">\n  <div class=\"container\">\n  <h2>Ali Erg\u00f6\u00e7mez<\/h2>\n  \n  <\/div>\n  <\/div>\n  <\/div>\n  \n   \n   \n  \n  <div class=\"column\">\n  <div class=\"card\">\n  <img decoding=\"async\" src=\"http:\/\/izvak.org\/wp-content\/uploads\/2024\/07\/profile_picture-3.jpg\"alt=\"Jane\" style=\"width:100%\">\n  <div class=\"container\">\n  <h2>Alp Avni Yelkenbi\u00e7er<\/h2>\n  \n  <\/div>\n  <\/div>\n  <\/div>\n  \n   \n  \n  <div class=\"column\">\n  <div class=\"card\">\n  <img decoding=\"async\" src=\"http:\/\/izvak.org\/wp-content\/uploads\/2024\/07\/profile_picture-3.jpg\"alt=\"Jane\" style=\"width:100%\">\n  <div class=\"container\">\n  <h2>Bahri Okumu\u015f<\/h2>\n  \n  <\/div>\n  <\/div>\n  <\/div>\n  \n  <\/div>\n   \n  <div class=\"row\">\n  <div class=\"column\">\n  <div class=\"card\">\n  <img decoding=\"async\" src=\"http:\/\/izvak.org\/wp-content\/uploads\/2024\/07\/profile_picture-3.jpg\"alt=\"Jane\" style=\"width:100%\">\n  <div class=\"container\">\n  <h2>Bahri Vreskala<\/h2>\n  \n  <\/div>\n  <\/div>\n  <\/div>\n  \n     <div class=\"column\">\n  <div class=\"card\">\n  <img decoding=\"async\" src=\"http:\/\/izvak.org\/wp-content\/uploads\/2024\/07\/profile_picture-3.jpg\"alt=\"Jane\" style=\"width:100%\">\n  <div class=\"container\">\n  <h2>Bar\u0131\u015f Orhunbilge<\/h2>\n  \n  <\/div>\n  <\/div>\n  <\/div>\n  \n  <div class=\"column\">\n  <div class=\"card\">\n  <img decoding=\"async\" src=\"http:\/\/izvak.org\/wp-content\/uploads\/2024\/07\/profile_picture-3.jpg\"alt=\"Jane\" style=\"width:100%\">\n  <div class=\"container\">\n  <h2>Can Kastelli<\/h2>\n  \n  <\/div>\n  <\/div>\n  <\/div>\n  \n   \n   \n   \n  <div class=\"column\">\n  <div class=\"card\">\n  <img decoding=\"async\" src=\"http:\/\/izvak.org\/wp-content\/uploads\/2024\/07\/profile_picture-3.jpg\"alt=\"Jane\" style=\"width:100%\">\n  <div class=\"container\">\n  <h2>Cemal Elmaso\u011flu<\/h2>\n  \n  <\/div>\n  <\/div>\n  <\/div>\n  \n   \n  \n  <div class=\"column\">\n  <div class=\"card\">\n  <img decoding=\"async\" src=\"http:\/\/izvak.org\/wp-content\/uploads\/2024\/07\/profile_picture-3.jpg\"alt=\"Jane\" style=\"width:100%\">\n  <div class=\"container\">\n  <h2>Deniz Bar\u00e7\u0131n <\/h2>\n  \n  <\/div>\n  <\/div>\n  <\/div>\n  \n     <\/div>\n\n\n    <div class=\"row\">\n \n  <div class=\"column\">\n  <div class=\"card\">\n  <img decoding=\"async\" src=\"http:\/\/izvak.org\/wp-content\/uploads\/2024\/07\/profile_picture-3.jpg\"alt=\"Jane\" style=\"width:100%\">\n  <div class=\"container\">\n  <h2>Deniz K\u00f6se <\/h2>\n  \n  <\/div>\n  <\/div>\n  <\/div>\n   \n  <div class=\"column\">\n  <div class=\"card\">\n  <img decoding=\"async\" src=\"http:\/\/izvak.org\/wp-content\/uploads\/2024\/07\/profile_picture-3.jpg\"alt=\"Jane\" style=\"width:100%\">\n  <div class=\"container\">\n  <h2>Deniz Sipahi<\/h2>\n  \n  <\/div>\n  <\/div>\n  <\/div>\n  \n   \n  \n  <div class=\"column\">\n  <div class=\"card\">\n  <img decoding=\"async\" src=\"http:\/\/izvak.org\/wp-content\/uploads\/2024\/07\/profile_picture-3.jpg\"alt=\"Jane\" style=\"width:100%\">\n  <div class=\"container\">\n  <h2>Dilek Gappi<\/h2>\n  \n  <\/div>\n  <\/div>\n  <\/div>\n  \n   \n   \n  <div class=\"column\">\n  <div class=\"card\">\n  <img decoding=\"async\" src=\"http:\/\/izvak.org\/wp-content\/uploads\/2024\/07\/profile_picture-3.jpg\"alt=\"Jane\" style=\"width:100%\">\n  <div class=\"container\">\n  <h2>Emre K\u0131z\u0131lg\u00fcne\u015fler<\/h2>\n  \n  <\/div>\n  <\/div>\n  <\/div>\n  \n   \n   \n  <div class=\"column\">\n  <div class=\"card\">\n  <img decoding=\"async\" src=\"http:\/\/izvak.org\/wp-content\/uploads\/2024\/07\/profile_picture-3.jpg\"alt=\"Jane\" style=\"width:100%\">\n  <div class=\"container\">\n  <h2>Ender Yorganc\u0131lar<\/h2>\n  \n  <\/div>\n  <\/div>\n  <\/div>\n  \n   <\/div>\n  \n    <div class=\"row\">\n\n\n  <div class=\"column\">\n  <div class=\"card\">\n  <img decoding=\"async\" src=\"http:\/\/izvak.org\/wp-content\/uploads\/2024\/07\/profile_picture-3.jpg\"alt=\"Jane\" style=\"width:100%\">\n  <div class=\"container\">\n  <h2>Engin U\u011fur A\u011f\u0131r<\/h2>\n  \n  <\/div>\n  <\/div>\n  <\/div>\n   \n  <div class=\"column\">\n  <div class=\"card\">\n  <img decoding=\"async\" src=\"http:\/\/izvak.org\/wp-content\/uploads\/2024\/07\/profile_picture-3.jpg\"alt=\"Jane\" style=\"width:100%\">\n  <div class=\"container\">\n  <h2>Erol Ersoy<\/h2>\n  \n  <\/div>\n  <\/div>\n  <\/div>\n  \n   \n   \n  <div class=\"column\">\n  <div class=\"card\">\n  <img decoding=\"async\" src=\"http:\/\/izvak.org\/wp-content\/uploads\/2024\/07\/profile_picture-3.jpg\"alt=\"Jane\" style=\"width:100%\">\n  <div class=\"container\">\n  <h2>Ertu\u011frul Tugay<\/h2>\n  \n  <\/div>\n  <\/div>\n  <\/div>\n  \n   \n   \n  <div class=\"column\">\n  <div class=\"card\">\n  <img decoding=\"async\" src=\"http:\/\/izvak.org\/wp-content\/uploads\/2024\/07\/profile_picture-3.jpg\"alt=\"Jane\" style=\"width:100%\">\n  <div class=\"container\">\n  <h2>Fatih \u00d6zfatura<\/h2>\n  \n  <\/div>\n  <\/div>\n  <\/div>\n  \n   \n   \n  <div class=\"column\">\n  <div class=\"card\">\n  <img decoding=\"async\" src=\"http:\/\/izvak.org\/wp-content\/uploads\/2024\/07\/profile_picture-3.jpg\"alt=\"Jane\" style=\"width:100%\">\n  <div class=\"container\">\n  <h2>Hakan Orhunbilge<\/h2>\n  \n  <\/div>\n  <\/div>\n  <\/div>\n    <\/div>\n\n\n     <div class=\"row\">\n\n\n   \n  <div class=\"column\">\n  <div class=\"card\">\n  <img decoding=\"async\" src=\"http:\/\/izvak.org\/wp-content\/uploads\/2024\/07\/profile_picture-3.jpg\"alt=\"Jane\" style=\"width:100%\">\n  <div class=\"container\">\n  <h2>Hikmet Alcan<\/h2>\n  \n  <\/div>\n  <\/div>\n  <\/div>\n   \n  <div class=\"column\">\n  <div class=\"card\">\n  <img decoding=\"async\" src=\"http:\/\/izvak.org\/wp-content\/uploads\/2024\/07\/profile_picture-3.jpg\"alt=\"Jane\" style=\"width:100%\">\n  <div class=\"container\">\n  <h2>H\u00fcseyin Alsan<\/h2>\n  \n  <\/div>\n  <\/div>\n  <\/div>\n  \n   \n   \n  <div class=\"column\">\n  <div class=\"card\">\n  <img decoding=\"async\" src=\"http:\/\/izvak.org\/wp-content\/uploads\/2024\/07\/profile_picture-3.jpg\"alt=\"Jane\" style=\"width:100%\">\n  <div class=\"container\">\n  <h2>H\u00fcseyin Ero\u011flu<\/h2>\n  \n  <\/div>\n  <\/div>\n  <\/div>\n  \n   \n   \n  <div class=\"column\">\n  <div class=\"card\">\n  <img decoding=\"async\" src=\"http:\/\/izvak.org\/wp-content\/uploads\/2024\/07\/profile_picture-3.jpg\"alt=\"Jane\" style=\"width:100%\">\n  <div class=\"container\">\n  <h2>H\u00fcseyin Hamamc\u0131<\/h2>\n  \n  <\/div>\n  <\/div>\n  <\/div>\n<div class=\"column\">\n  <div class=\"card\">\n  <img decoding=\"async\" src=\"http:\/\/izvak.org\/wp-content\/uploads\/2024\/07\/profile_picture-3.jpg\"alt=\"Jane\" style=\"width:100%\">\n  <div class=\"container\">\n  <h2>I\u015f\u0131nsu  Kestelli<\/h2>\n  \n  <\/div>\n  <\/div>\n  <\/div>\n  <\/div>\n    <div class=\"row\">\n\n\n<div class=\"column\">\n  <div class=\"card\">\n  <img decoding=\"async\" src=\"http:\/\/izvak.org\/wp-content\/uploads\/2024\/07\/profile_picture-3.jpg\"alt=\"Jane\" style=\"width:100%\">\n  <div class=\"container\">\n  <h2>Levent \u00dcrkmez<\/h2>\n  \n  <\/div>\n  <\/div>\n  <\/div>\n\n\n\n<div class=\"column\">\n  <div class=\"card\">\n  <img decoding=\"async\" src=\"http:\/\/izvak.org\/wp-content\/uploads\/2024\/07\/profile_picture-3.jpg\"alt=\"Jane\" style=\"width:100%\">\n  <div class=\"container\">\n  <h2>Mahmut \u00d6zgener<\/h2>\n  \n  <\/div>\n  <\/div>\n  <\/div>\n\n\n<div class=\"column\">\n  <div class=\"card\">\n  <img decoding=\"async\" src=\"http:\/\/izvak.org\/wp-content\/uploads\/2024\/07\/profile_picture-3.jpg\"alt=\"Jane\" style=\"width:100%\">\n  <div class=\"container\">\n  <h2>Mehmet Ali Kasal\u0131<\/h2>\n  \n  <\/div>\n  <\/div>\n  <\/div>\n\n\n<div class=\"column\">\n  <div class=\"card\">\n  <img decoding=\"async\" src=\"http:\/\/izvak.org\/wp-content\/uploads\/2024\/07\/profile_picture-3.jpg\"alt=\"Jane\" style=\"width:100%\">\n  <div class=\"container\">\n  <h2>Mehmet Ali Susam<\/h2>\n  \n  <\/div>\n  <\/div>\n  <\/div>\n\n\n<div class=\"column\">\n  <div class=\"card\">\n  <img decoding=\"async\" src=\"http:\/\/izvak.org\/wp-content\/uploads\/2024\/07\/profile_picture-3.jpg\"alt=\"Jane\" style=\"width:100%\">\n  <div class=\"container\">\n  <h2>Mehmet Tanju \u0130\u015fler<\/h2>\n  \n  <\/div>\n  <\/div>\n  <\/div>\n\n\n  <\/div>\n\n\n\n <div class=\"row\">\n\n\n<div class=\"column\">\n  <div class=\"card\">\n  <img decoding=\"async\" src=\"http:\/\/izvak.org\/wp-content\/uploads\/2024\/07\/profile_picture-3.jpg\"alt=\"Jane\" style=\"width:100%\">\n  <div class=\"container\">\n  <h2>Mehmet Y\u0131ld\u0131r\u0131m<\/h2>\n  \n  <\/div>\n  <\/div>\n  <\/div>\n<div class=\"column\">\n  <div class=\"card\">\n  <img decoding=\"async\" src=\"http:\/\/izvak.org\/wp-content\/uploads\/2024\/07\/profile_picture-3.jpg\"alt=\"Jane\" style=\"width:100%\">\n  <div class=\"container\">\n  <h2>Mesut Sancak<\/h2>\n  \n  <\/div>\n  <\/div>\n  <\/div>\n\n\n<div class=\"column\">\n  <div class=\"card\">\n  <img decoding=\"async\" src=\"http:\/\/izvak.org\/wp-content\/uploads\/2024\/07\/profile_picture-3.jpg\"alt=\"Jane\" style=\"width:100%\">\n  <div class=\"container\">\n  <h2>Murat Eskici<\/h2>\n  \n  <\/div>\n  <\/div>\n  <\/div>\n\n\n\n\n  <div class=\"column\">\n    <div class=\"card\">\n    <img decoding=\"async\" src=\"http:\/\/izvak.org\/wp-content\/uploads\/2024\/07\/profile_picture-3.jpg\"alt=\"Jane\" style=\"width:100%\">\n    <div class=\"container\">\n    <h2>Nuri \u0130mre<\/h2>\n    \n    <\/div>\n    <\/div>\n    <\/div>\n\n  <\/div>\n\n <div class=\"row\">\n  \n  <div class=\"column\">\n    <div class=\"card\">\n    <img decoding=\"async\" src=\"http:\/\/izvak.org\/wp-content\/uploads\/2024\/07\/profile_picture-3.jpg\"alt=\"Jane\" style=\"width:100%\">\n    <div class=\"container\">\n    <h2>O\u011fuz Sarvan<\/h2>\n    \n    <\/div>\n    <\/div>\n    <\/div>\n\n\n<div class=\"column\">\n  <div class=\"card\">\n  <img decoding=\"async\" src=\"http:\/\/izvak.org\/wp-content\/uploads\/2024\/07\/profile_picture-3.jpg\"alt=\"Jane\" style=\"width:100%\">\n  <div class=\"container\">\n  <h2>\u00d6mer Din\u00e7er<\/h2>\n  \n  <\/div>\n  <\/div>\n  <\/div>\n\n\n<div class=\"column\">\n  <div class=\"card\">\n  <img decoding=\"async\" src=\"http:\/\/izvak.org\/wp-content\/uploads\/2024\/07\/profile_picture-3.jpg\"alt=\"Jane\" style=\"width:100%\">\n  <div class=\"container\">\n  <h2>\u00d6zlem Akdurak<\/h2>\n  \n  <\/div>\n  <\/div>\n  <\/div>\n\n\n<div class=\"column\">\n  <div class=\"card\">\n  <img decoding=\"async\" src=\"http:\/\/izvak.org\/wp-content\/uploads\/2024\/07\/profile_picture-3.jpg\"alt=\"Jane\" style=\"width:100%\">\n  <div class=\"container\">\n  <h2>Sel\u00e7uk Sert<\/h2>\n  \n  <\/div>\n  <\/div>\n  <\/div>\n\n\n<div class=\"column\">\n  <div class=\"card\">\n  <img decoding=\"async\" src=\"http:\/\/izvak.org\/wp-content\/uploads\/2024\/07\/profile_picture-3.jpg\"alt=\"Jane\" style=\"width:100%\">\n  <div class=\"container\">\n  <h2>Semra Aksu<\/h2>\n  \n  <\/div>\n  <\/div>\n  <\/div>\n  <\/div>\n <div class=\"row\">\n<div class=\"column\">\n  <div class=\"card\">\n  <img decoding=\"async\" src=\"http:\/\/izvak.org\/wp-content\/uploads\/2024\/07\/profile_picture-3.jpg\"alt=\"Jane\" style=\"width:100%\">\n  <div class=\"container\">\n  <h2>S\u0131tk\u0131 \u015f\u00fck\u00fcrler<\/h2>\n  \n  <\/div>\n  <\/div>\n  <\/div>\n\n\n<div class=\"column\">\n  <div class=\"card\">\n  <img decoding=\"async\" src=\"http:\/\/izvak.org\/wp-content\/uploads\/2024\/07\/profile_picture-3.jpg\"alt=\"Jane\" style=\"width:100%\">\n  <div class=\"container\">\n  <h2>Tu\u011frul Yemi\u015f\u00e7i<\/h2>\n  \n  <\/div>\n  <\/div>\n  <\/div>\n\n\n<div class=\"column\">\n  <div class=\"card\">\n  <img decoding=\"async\" src=\"http:\/\/izvak.org\/wp-content\/uploads\/2024\/07\/profile_picture-3.jpg\"alt=\"Jane\" style=\"width:100%\">\n  <div class=\"container\">\n  <h2>\u00dcnal Ers\u00f6zl\u00fc<\/h2>\n  \n  <\/div>\n  <\/div>\n  <\/div>\n\n\n<div class=\"column\">\n  <div class=\"card\">\n  <img decoding=\"async\" src=\"http:\/\/izvak.org\/wp-content\/uploads\/2024\/07\/profile_picture-3.jpg\"alt=\"Jane\" style=\"width:100%\">\n  <div class=\"container\">\n  <h2>Yusuf \u00d6zt\u00fcrk<\/h2>\n  \n  <\/div>\n  <\/div>\n  <\/div>\n<\/div>\n","protected":false},"excerpt":{"rendered":"<p>Ahmet Talimciler Ahmet Ta\u015fp\u0131nar Ali Erg\u00f6\u00e7mez Alp Avni Yelkenbi\u00e7er Bahri Okumu\u015f Bahri Vreskala Bar\u0131\u015f Orhunbilge Can Kastelli Cemal Elmaso\u011flu Deniz Bar\u00e7\u0131n Deniz K\u00f6se Deniz Sipahi Dilek Gappi Emre K\u0131z\u0131lg\u00fcne\u015fler Ender Yorganc\u0131lar Engin U\u011fur A\u011f\u0131r Erol Ersoy Ertu\u011frul Tugay Fatih \u00d6zfatura Hakan Orhunbilge Hikmet Alcan H\u00fcseyin Alsan H\u00fcseyin Ero\u011flu H\u00fcseyin Hamamc\u0131 I\u015f\u0131nsu Kestelli Levent \u00dcrkmez Mahmut [&hellip;]<\/p>\n","protected":false},"author":1,"featured_media":0,"parent":0,"menu_order":0,"comment_status":"closed","ping_status":"closed","template":"","meta":{"_uag_custom_page_level_css":"","footnotes":""},"class_list":["post-189","page","type-page","status-publish","hentry"],"uagb_featured_image_src":{"full":false,"thumbnail":false,"medium":false,"medium_large":false,"large":false,"1536x1536":false,"2048x2048":false},"uagb_author_info":{"display_name":"izvak","author_link":"https:\/\/izvak.org\/index.php\/author\/izvakorg\/"},"uagb_comment_info":0,"uagb_excerpt":"Ahmet Talimciler Ahmet Ta\u015fp\u0131nar Ali Erg\u00f6\u00e7mez Alp Avni Yelkenbi\u00e7er Bahri Okumu\u015f Bahri Vreskala Bar\u0131\u015f Orhunbilge Can Kastelli Cemal Elmaso\u011flu Deniz Bar\u00e7\u0131n Deniz K\u00f6se Deniz Sipahi Dilek Gappi Emre K\u0131z\u0131lg\u00fcne\u015fler Ender Yorganc\u0131lar Engin U\u011fur A\u011f\u0131r Erol Ersoy Ertu\u011frul Tugay Fatih \u00d6zfatura Hakan Orhunbilge Hikmet Alcan H\u00fcseyin Alsan H\u00fcseyin Ero\u011flu H\u00fcseyin Hamamc\u0131 I\u015f\u0131nsu Kestelli Levent \u00dcrkmez Mahmut&hellip;","_links":{"self":[{"href":"https:\/\/izvak.org\/index.php\/wp-json\/wp\/v2\/pages\/189","targetHints":{"allow":["GET"]}}],"collection":[{"href":"https:\/\/izvak.org\/index.php\/wp-json\/wp\/v2\/pages"}],"about":[{"href":"https:\/\/izvak.org\/index.php\/wp-json\/wp\/v2\/types\/page"}],"author":[{"embeddable":true,"href":"https:\/\/izvak.org\/index.php\/wp-json\/wp\/v2\/users\/1"}],"replies":[{"embeddable":true,"href":"https:\/\/izvak.org\/index.php\/wp-json\/wp\/v2\/comments?post=189"}],"version-history":[{"count":5,"href":"https:\/\/izvak.org\/index.php\/wp-json\/wp\/v2\/pages\/189\/revisions"}],"predecessor-version":[{"id":1036,"href":"https:\/\/izvak.org\/index.php\/wp-json\/wp\/v2\/pages\/189\/revisions\/1036"}],"wp:attachment":[{"href":"https:\/\/izvak.org\/index.php\/wp-json\/wp\/v2\/media?parent=189"}],"curies":[{"name":"wp","href":"https:\/\/api.w.org\/{rel}","templated":true}]}}