{"id":1933,"date":"2025-07-06T08:56:16","date_gmt":"2025-07-06T08:56:16","guid":{"rendered":"https:\/\/izvak.org\/?page_id=1933"},"modified":"2025-07-06T08:58:02","modified_gmt":"2025-07-06T08:58:02","slug":"baskandan-izmir-kuluplerinin-kent-ekonomisine-etkisi-izmir-ekonomik-kalkinma-koordinasyon-kurulu-sunumu-25-06-2025","status":"publish","type":"page","link":"https:\/\/izvak.org\/index.php\/baskandan-izmir-kuluplerinin-kent-ekonomisine-etkisi-izmir-ekonomik-kalkinma-koordinasyon-kurulu-sunumu-25-06-2025\/","title":{"rendered":"Ba\u015fkandan &#8211; \u0130zmir Kul\u00fcplerinin Kent Ekonomisine Etkisi\u201d &#8211; \u0130zmir Ekonomik Kalk\u0131nma Koordinasyon Kurulu Sunumu -25.06.2025"},"content":{"rendered":"\n<div data-wp-interactive=\"core\/file\" class=\"wp-block-file\"><object data-wp-bind--hidden=\"!state.hasPdfPreview\" hidden class=\"wp-block-file__embed\" data=\"https:\/\/izvak.org\/wp-content\/uploads\/2025\/07\/IZMIR-FUTBOL-KULUPLERININ-KENT-EKONOMISINE-ETKI-ARASTIRMASI-IZMIR-EKONOMIK-KALKINMA-KOORDINASYON-KURULU-IEKKK-SUNUMU-25.06.2025.pdf\" type=\"application\/pdf\" style=\"width:100%;height:600px\" aria-label=\"Embed of \u0130ZM\u0130R FUTBOL KUL\u00dcPLER\u0130N\u0130N KENT EKONOM\u0130S\u0130NE ETK\u0130 ARA\u015eTIRMASI- \u0130ZM\u0130R EKONOM\u0130K KALKINMA KOORD\u0130NASYON KURULU (\u0130EKKK) SUNUMU -25.06.2025.\"><\/object><a id=\"wp-block-file--media-10d9dd3b-48e7-4028-9b3c-a6f5df5d55e4\" href=\"https:\/\/izvak.org\/wp-content\/uploads\/2025\/07\/IZMIR-FUTBOL-KULUPLERININ-KENT-EKONOMISINE-ETKI-ARASTIRMASI-IZMIR-EKONOMIK-KALKINMA-KOORDINASYON-KURULU-IEKKK-SUNUMU-25.06.2025.pdf\">\u0130ZM\u0130R FUTBOL KUL\u00dcPLER\u0130N\u0130N KENT EKONOM\u0130S\u0130NE ETK\u0130 ARA\u015eTIRMASI- \u0130ZM\u0130R EKONOM\u0130K KALKINMA KOORD\u0130NASYON KURULU (\u0130EKKK) SUNUMU -25.06.2025<\/a><a href=\"https:\/\/izvak.org\/wp-content\/uploads\/2025\/07\/IZMIR-FUTBOL-KULUPLERININ-KENT-EKONOMISINE-ETKI-ARASTIRMASI-IZMIR-EKONOMIK-KALKINMA-KOORDINASYON-KURULU-IEKKK-SUNUMU-25.06.2025.pdf\" class=\"wp-block-file__button wp-element-button\" download aria-describedby=\"wp-block-file--media-10d9dd3b-48e7-4028-9b3c-a6f5df5d55e4\">\u0130ndir<\/a><\/div>\n","protected":false},"excerpt":{"rendered":"","protected":false},"author":1,"featured_media":0,"parent":0,"menu_order":0,"comment_status":"closed","ping_status":"closed","template":"","meta":{"_uag_custom_page_level_css":"","footnotes":""},"class_list":["post-1933","page","type-page","status-publish","hentry"],"uagb_featured_image_src":{"full":false,"thumbnail":false,"medium":false,"medium_large":false,"large":false,"1536x1536":false,"2048x2048":false},"uagb_author_info":{"display_name":"izvak","author_link":"https:\/\/izvak.org\/index.php\/author\/izvakorg\/"},"uagb_comment_info":0,"uagb_excerpt":null,"_links":{"self":[{"href":"https:\/\/izvak.org\/index.php\/wp-json\/wp\/v2\/pages\/1933","targetHints":{"allow":["GET"]}}],"collection":[{"href":"https:\/\/izvak.org\/index.php\/wp-json\/wp\/v2\/pages"}],"about":[{"href":"https:\/\/izvak.org\/index.php\/wp-json\/wp\/v2\/types\/page"}],"author":[{"embeddable":true,"href":"https:\/\/izvak.org\/index.php\/wp-json\/wp\/v2\/users\/1"}],"replies":[{"embeddable":true,"href":"https:\/\/izvak.org\/index.php\/wp-json\/wp\/v2\/comments?post=1933"}],"version-history":[{"count":3,"href":"https:\/\/izvak.org\/index.php\/wp-json\/wp\/v2\/pages\/1933\/revisions"}],"predecessor-version":[{"id":1937,"href":"https:\/\/izvak.org\/index.php\/wp-json\/wp\/v2\/pages\/1933\/revisions\/1937"}],"wp:attachment":[{"href":"https:\/\/izvak.org\/index.php\/wp-json\/wp\/v2\/media?parent=1933"}],"curies":[{"name":"wp","href":"https:\/\/api.w.org\/{rel}","templated":true}]}}