{"id":1962,"date":"2025-10-18T07:53:39","date_gmt":"2025-10-18T07:53:39","guid":{"rendered":"https:\/\/izvak.org\/?page_id=1962"},"modified":"2025-10-18T07:53:39","modified_gmt":"2025-10-18T07:53:39","slug":"baskandan-izmir-futbol-kuluplerinin-kent-ekonomisine-etki-arastirmasi","status":"publish","type":"page","link":"https:\/\/izvak.org\/index.php\/baskandan-izmir-futbol-kuluplerinin-kent-ekonomisine-etki-arastirmasi\/","title":{"rendered":"Ba\u015fkandan-\u0130ZM\u0130R FUTBOL KUL\u00dcPLER\u0130N\u0130N KENT EKONOM\u0130S\u0130NE ETK\u0130 ARA\u015eTIRMASI"},"content":{"rendered":"\n<div data-wp-interactive=\"core\/file\" class=\"wp-block-file\"><object data-wp-bind--hidden=\"!state.hasPdfPreview\" hidden class=\"wp-block-file__embed\" data=\"https:\/\/izvak.org\/wp-content\/uploads\/2025\/10\/IZMIR-FUTBOL-KULUPLERININ-KENT-EKONOMISINE-ETKI-ARASTIRMASI.pdf\" type=\"application\/pdf\" style=\"width:100%;height:600px\" aria-label=\"Embed of \u0130ZM\u0130R FUTBOL KUL\u00dcPLER\u0130N\u0130N KENT EKONOM\u0130S\u0130NE ETK\u0130 ARA\u015eTIRMASI.\"><\/object><a id=\"wp-block-file--media-5da3c642-7eb2-4e72-bbf3-1df3d7bde1fb\" href=\"https:\/\/izvak.org\/wp-content\/uploads\/2025\/10\/IZMIR-FUTBOL-KULUPLERININ-KENT-EKONOMISINE-ETKI-ARASTIRMASI.pdf\">\u0130ZM\u0130R FUTBOL KUL\u00dcPLER\u0130N\u0130N KENT EKONOM\u0130S\u0130NE ETK\u0130 ARA\u015eTIRMASI<\/a><a href=\"https:\/\/izvak.org\/wp-content\/uploads\/2025\/10\/IZMIR-FUTBOL-KULUPLERININ-KENT-EKONOMISINE-ETKI-ARASTIRMASI.pdf\" class=\"wp-block-file__button wp-element-button\" download aria-describedby=\"wp-block-file--media-5da3c642-7eb2-4e72-bbf3-1df3d7bde1fb\">indir<\/a><\/div>\n\n\n\n<p><\/p>\n","protected":false},"excerpt":{"rendered":"","protected":false},"author":1,"featured_media":0,"parent":0,"menu_order":0,"comment_status":"closed","ping_status":"closed","template":"","meta":{"_uag_custom_page_level_css":"","footnotes":""},"class_list":["post-1962","page","type-page","status-publish","hentry"],"uagb_featured_image_src":{"full":false,"thumbnail":false,"medium":false,"medium_large":false,"large":false,"1536x1536":false,"2048x2048":false},"uagb_author_info":{"display_name":"izvak","author_link":"https:\/\/izvak.org\/index.php\/author\/izvakorg\/"},"uagb_comment_info":0,"uagb_excerpt":null,"_links":{"self":[{"href":"https:\/\/izvak.org\/index.php\/wp-json\/wp\/v2\/pages\/1962","targetHints":{"allow":["GET"]}}],"collection":[{"href":"https:\/\/izvak.org\/index.php\/wp-json\/wp\/v2\/pages"}],"about":[{"href":"https:\/\/izvak.org\/index.php\/wp-json\/wp\/v2\/types\/page"}],"author":[{"embeddable":true,"href":"https:\/\/izvak.org\/index.php\/wp-json\/wp\/v2\/users\/1"}],"replies":[{"embeddable":true,"href":"https:\/\/izvak.org\/index.php\/wp-json\/wp\/v2\/comments?post=1962"}],"version-history":[{"count":1,"href":"https:\/\/izvak.org\/index.php\/wp-json\/wp\/v2\/pages\/1962\/revisions"}],"predecessor-version":[{"id":1964,"href":"https:\/\/izvak.org\/index.php\/wp-json\/wp\/v2\/pages\/1962\/revisions\/1964"}],"wp:attachment":[{"href":"https:\/\/izvak.org\/index.php\/wp-json\/wp\/v2\/media?parent=1962"}],"curies":[{"name":"wp","href":"https:\/\/api.w.org\/{rel}","templated":true}]}}