{"id":2011,"date":"2025-12-11T10:03:16","date_gmt":"2025-12-11T10:03:16","guid":{"rendered":"https:\/\/izvak.org\/?page_id=2011"},"modified":"2025-12-11T10:03:16","modified_gmt":"2025-12-11T10:03:16","slug":"karsiyaka-stadi-yapim-sureci-kurumsal-degerlendirme-raporu","status":"publish","type":"page","link":"https:\/\/izvak.org\/index.php\/karsiyaka-stadi-yapim-sureci-kurumsal-degerlendirme-raporu\/","title":{"rendered":"KAR\u015eIYAKA STADI YAPIM S\u00dcREC\u0130 KURUMSAL DE\u011eERLEND\u0130RME RAPORU"},"content":{"rendered":"\n<div data-wp-interactive=\"core\/file\" class=\"wp-block-file\"><object data-wp-bind--hidden=\"!state.hasPdfPreview\" hidden class=\"wp-block-file__embed\" data=\"https:\/\/izvak.org\/wp-content\/uploads\/2025\/12\/KARSIYAKA-STADI-YAPIM-SURECI-KURUMSAL-DEGERLENDIRME-RAPORU.pdf\" type=\"application\/pdf\" style=\"width:100%;height:600px\" aria-label=\"Embed of KAR\u015eIYAKA STADI YAPIM S\u00dcREC\u0130 KURUMSAL DE\u011eERLEND\u0130RME RAPORU.\"><\/object><a id=\"wp-block-file--media-e9273dcd-4072-4897-9208-d9a9d41f5b20\" href=\"https:\/\/izvak.org\/wp-content\/uploads\/2025\/12\/KARSIYAKA-STADI-YAPIM-SURECI-KURUMSAL-DEGERLENDIRME-RAPORU.pdf\">KAR\u015eIYAKA STADI YAPIM S\u00dcREC\u0130 KURUMSAL DE\u011eERLEND\u0130RME RAPORU<\/a><a href=\"https:\/\/izvak.org\/wp-content\/uploads\/2025\/12\/KARSIYAKA-STADI-YAPIM-SURECI-KURUMSAL-DEGERLENDIRME-RAPORU.pdf\" class=\"wp-block-file__button wp-element-button\" download aria-describedby=\"wp-block-file--media-e9273dcd-4072-4897-9208-d9a9d41f5b20\">\u0130ndir<\/a><\/div>\n","protected":false},"excerpt":{"rendered":"","protected":false},"author":1,"featured_media":0,"parent":0,"menu_order":0,"comment_status":"closed","ping_status":"closed","template":"","meta":{"_uag_custom_page_level_css":"","footnotes":""},"class_list":["post-2011","page","type-page","status-publish","hentry"],"uagb_featured_image_src":{"full":false,"thumbnail":false,"medium":false,"medium_large":false,"large":false,"1536x1536":false,"2048x2048":false},"uagb_author_info":{"display_name":"izvak","author_link":"https:\/\/izvak.org\/index.php\/author\/izvakorg\/"},"uagb_comment_info":0,"uagb_excerpt":null,"_links":{"self":[{"href":"https:\/\/izvak.org\/index.php\/wp-json\/wp\/v2\/pages\/2011","targetHints":{"allow":["GET"]}}],"collection":[{"href":"https:\/\/izvak.org\/index.php\/wp-json\/wp\/v2\/pages"}],"about":[{"href":"https:\/\/izvak.org\/index.php\/wp-json\/wp\/v2\/types\/page"}],"author":[{"embeddable":true,"href":"https:\/\/izvak.org\/index.php\/wp-json\/wp\/v2\/users\/1"}],"replies":[{"embeddable":true,"href":"https:\/\/izvak.org\/index.php\/wp-json\/wp\/v2\/comments?post=2011"}],"version-history":[{"count":1,"href":"https:\/\/izvak.org\/index.php\/wp-json\/wp\/v2\/pages\/2011\/revisions"}],"predecessor-version":[{"id":2013,"href":"https:\/\/izvak.org\/index.php\/wp-json\/wp\/v2\/pages\/2011\/revisions\/2013"}],"wp:attachment":[{"href":"https:\/\/izvak.org\/index.php\/wp-json\/wp\/v2\/media?parent=2011"}],"curies":[{"name":"wp","href":"https:\/\/api.w.org\/{rel}","templated":true}]}}