{"id":2069,"date":"2026-02-09T12:34:50","date_gmt":"2026-02-09T12:34:50","guid":{"rendered":"https:\/\/izvak.org\/?page_id=2069"},"modified":"2026-02-09T12:34:50","modified_gmt":"2026-02-09T12:34:50","slug":"baskandan-spor-kuluplerimiz-icin-finansal-olmayan-destek-modelleri","status":"publish","type":"page","link":"https:\/\/izvak.org\/index.php\/baskandan-spor-kuluplerimiz-icin-finansal-olmayan-destek-modelleri\/","title":{"rendered":"Ba\u015fkandan &#8211; SPOR KUL\u00dcPLER\u0130M\u0130Z \u0130\u00c7\u0130N F\u0130NANSAL OLMAYAN DESTEK MODELLER\u0130"},"content":{"rendered":"\n<div data-wp-interactive=\"core\/file\" class=\"wp-block-file\"><object data-wp-bind--hidden=\"!state.hasPdfPreview\" hidden class=\"wp-block-file__embed\" data=\"https:\/\/izvak.org\/wp-content\/uploads\/2026\/02\/SPOR-KULUPLERIMIZ-ICIN-FINANSAL-OLMAYAN-DESTEK-MODELLERI-29.01.2026.pdf\" type=\"application\/pdf\" style=\"width:100%;height:600px\" aria-label=\"Embed of SPOR KUL\u00dcPLER\u0130M\u0130Z \u0130\u00c7\u0130N F\u0130NANSAL OLMAYAN DESTEK MODELLER\u0130 - 29.01.2026.\"><\/object><a id=\"wp-block-file--media-8838b9cf-7098-4119-a296-071b289c47fe\" href=\"https:\/\/izvak.org\/wp-content\/uploads\/2026\/02\/SPOR-KULUPLERIMIZ-ICIN-FINANSAL-OLMAYAN-DESTEK-MODELLERI-29.01.2026.pdf\">SPOR KUL\u00dcPLER\u0130M\u0130Z \u0130\u00c7\u0130N F\u0130NANSAL OLMAYAN DESTEK MODELLER\u0130 &#8211; 29.01.2026<\/a><a href=\"https:\/\/izvak.org\/wp-content\/uploads\/2026\/02\/SPOR-KULUPLERIMIZ-ICIN-FINANSAL-OLMAYAN-DESTEK-MODELLERI-29.01.2026.pdf\" class=\"wp-block-file__button wp-element-button\" download aria-describedby=\"wp-block-file--media-8838b9cf-7098-4119-a296-071b289c47fe\">\u0130ndir<\/a><\/div>\n\n\n\n<p><\/p>\n","protected":false},"excerpt":{"rendered":"","protected":false},"author":1,"featured_media":0,"parent":0,"menu_order":0,"comment_status":"closed","ping_status":"closed","template":"","meta":{"_uag_custom_page_level_css":"","footnotes":""},"class_list":["post-2069","page","type-page","status-publish","hentry"],"uagb_featured_image_src":{"full":false,"thumbnail":false,"medium":false,"medium_large":false,"large":false,"1536x1536":false,"2048x2048":false},"uagb_author_info":{"display_name":"izvak","author_link":"https:\/\/izvak.org\/index.php\/author\/izvakorg\/"},"uagb_comment_info":0,"uagb_excerpt":null,"_links":{"self":[{"href":"https:\/\/izvak.org\/index.php\/wp-json\/wp\/v2\/pages\/2069","targetHints":{"allow":["GET"]}}],"collection":[{"href":"https:\/\/izvak.org\/index.php\/wp-json\/wp\/v2\/pages"}],"about":[{"href":"https:\/\/izvak.org\/index.php\/wp-json\/wp\/v2\/types\/page"}],"author":[{"embeddable":true,"href":"https:\/\/izvak.org\/index.php\/wp-json\/wp\/v2\/users\/1"}],"replies":[{"embeddable":true,"href":"https:\/\/izvak.org\/index.php\/wp-json\/wp\/v2\/comments?post=2069"}],"version-history":[{"count":1,"href":"https:\/\/izvak.org\/index.php\/wp-json\/wp\/v2\/pages\/2069\/revisions"}],"predecessor-version":[{"id":2071,"href":"https:\/\/izvak.org\/index.php\/wp-json\/wp\/v2\/pages\/2069\/revisions\/2071"}],"wp:attachment":[{"href":"https:\/\/izvak.org\/index.php\/wp-json\/wp\/v2\/media?parent=2069"}],"curies":[{"name":"wp","href":"https:\/\/api.w.org\/{rel}","templated":true}]}}