{"id":207,"date":"2024-07-09T14:59:13","date_gmt":"2024-07-09T14:59:13","guid":{"rendered":"http:\/\/izvak.org\/?page_id=207"},"modified":"2025-11-03T16:15:54","modified_gmt":"2025-11-03T16:15:54","slug":"gecmis-donem-baskanlarimiz","status":"publish","type":"page","link":"https:\/\/izvak.org\/index.php\/gecmis-donem-baskanlarimiz\/","title":{"rendered":"Onur Kurulumuz"},"content":{"rendered":"\n<div class=\"wp-block-columns is-layout-flex wp-container-core-columns-is-layout-9d6595d7 wp-block-columns-is-layout-flex\">\n<div class=\"wp-block-column is-layout-flow wp-block-column-is-layout-flow\"><\/div>\n<\/div>\n\n\n\n<style>\n  html {\n    box-sizing: border-box;\n  }\n  *, *:before, *:after {\n    box-sizing: inherit;\n  }\n  .column {\n    float: center;\n    width: 20%;\n    margin-bottom: 16px;\n    padding: 0 8px;\n  }\n \n  .row {\n    float: center;\n  }\n  @media screen and (max-width: 650px) {\n    .column {\n      width: 100%;\n      display: block;\n    }\n  }\n  .card {\n    box-shadow: 0 4px 8px 0 rgba(0, 0, 0, 0.2);\n  }\n  .container {\n    padding: 0 16px;\n  }\n  .container::after, .row::after {\n    content: \"\";\n    clear: both;\n    display: table;\n  }\n  .title {\n    color: grey;\n  }\n  .button {\n    border: none;\n    outline: 0;\n    display: inline-block;\n    padding: 8px;\n    color: white;\n    background-color: #202f5b;\n    text-align: center;\n    font-weight: bold;\n    cursor: pointer;\n    width: 100%;\n  }\n  .button:hover {\n    background-color: #555;\n  }\n  h2 {\n    font-size: 27px;\n    line-height: 1.3;\n  }\n<\/style>\n\n\n<div class=\"row\" style=\"margin-right: 65px;margin-left: 65px;\">\n\n<div class=\"column\">\n<\/div>\n<div class=\"column\">\n<\/div>\n\n\n\n<div class=\"column\" style=\"padding-right: 28px;padding-left: 28px;\">\n<div class=\"card\">\n<img decoding=\"async\" src=\"http:\/\/izvak.org\/wp-content\/uploads\/2024\/07\/burhanozfatura.jpg\"alt=\"Jane\" style=\"width:100%\">\n<div class=\"container\" style=\"text-align:center;\">\n<h2 style=\"font-size:20px;\">Dr. Burhan \u00d6ZFATURA<\/h2>\n<p>Kurucu Ba\u015fkan\n<br\/> 1998<\/p>\n<\/div>\n<\/div>\n<\/div>\n\n<div class=\"column\">\n<\/div>\n<div class=\"column\">\n<\/div>\n\n<\/div>\n\n\n\n\n\n\n<div class=\"row\" style=\"margin-right: 65px;margin-left: 65px;\">\n<div class=\"column\" style=\"padding-right: 28px;padding-left: 28px;\">\n<div class=\"card\">\n<img decoding=\"async\" src=\"http:\/\/izvak.org\/wp-content\/uploads\/2024\/07\/leventurkmez.jpg\"alt=\"Jane\" style=\"width:100%\">\n<div class=\"container\" style=\"text-align:center;\">\n<h2 style=\"font-size:20px;\">Cezmi Levent \u00dcRKMEZ<\/h2>\n<p>Onursal Ba\u015fkan\n<br\/> 1998-2010 <\/p>\n<\/div>\n<\/div>\n<\/div>\n\n<div class=\"column\">\n<\/div>\n\n\n\n\n<div class=\"column\" style=\"padding-right: 28px;padding-left: 28px;\">\n<div class=\"card\">\n<img decoding=\"async\" src=\"http:\/\/izvak.org\/wp-content\/uploads\/2024\/07\/erdogantozge.jpg\"alt=\"Jane\" style=\"width:100%\">\n<div class=\"container\" style=\"text-align:center;\">\n<h2 style=\"font-size:20px;\">Erdo\u011fan T\u00d6ZGE<\/h2>\n<p>(1928-2017)\n<br\/>2010-2012<br\/>2015-2016<\/p>\n<\/div>\n<\/div>\n<\/div>\n\n<div class=\"column\">\n<\/div>\n\n<div class=\"column\" style=\"padding-right: 28px;padding-left: 28px;\">\n<div class=\"card\">\n<img decoding=\"async\" src=\"http:\/\/izvak.org\/wp-content\/uploads\/2024\/07\/tugrulyemisci.jpg\"alt=\"Jane\" style=\"width:100%\">\n<div class=\"container\" style=\"text-align:center;\">\n<h2 style=\"font-size:20px;\">Tu\u011frul Yemi\u015f\u00e7i<\/h2>\n<p>2012-2015<\/p>\n<\/div>\n<\/div>\n<\/div>\n<p>Onur Kurulumuz, ge\u00e7mi\u015f d\u00f6nemler y\u00f6netim kurulu ba\u015fkanlar\u0131m\u0131zdan olu\u015fmaktad\u0131r.<\/p>\n\n<\/div>\n\n\n\n<p><\/p>\n","protected":false},"excerpt":{"rendered":"<p>Dr. Burhan \u00d6ZFATURA Kurucu Ba\u015fkan 1998 Cezmi Levent \u00dcRKMEZ Onursal Ba\u015fkan 1998-2010 Erdo\u011fan T\u00d6ZGE (1928-2017) 2010-20122015-2016 Tu\u011frul Yemi\u015f\u00e7i 2012-2015 Onur Kurulumuz, ge\u00e7mi\u015f d\u00f6nemler y\u00f6netim kurulu ba\u015fkanlar\u0131m\u0131zdan olu\u015fmaktad\u0131r.<\/p>\n","protected":false},"author":1,"featured_media":0,"parent":0,"menu_order":0,"comment_status":"closed","ping_status":"closed","template":"","meta":{"_uag_custom_page_level_css":"","footnotes":""},"class_list":["post-207","page","type-page","status-publish","hentry"],"uagb_featured_image_src":{"full":false,"thumbnail":false,"medium":false,"medium_large":false,"large":false,"1536x1536":false,"2048x2048":false},"uagb_author_info":{"display_name":"izvak","author_link":"https:\/\/izvak.org\/index.php\/author\/izvakorg\/"},"uagb_comment_info":0,"uagb_excerpt":"Dr. Burhan \u00d6ZFATURA Kurucu Ba\u015fkan 1998 Cezmi Levent \u00dcRKMEZ Onursal Ba\u015fkan 1998-2010 Erdo\u011fan T\u00d6ZGE (1928-2017) 2010-20122015-2016 Tu\u011frul Yemi\u015f\u00e7i 2012-2015 Onur Kurulumuz, ge\u00e7mi\u015f d\u00f6nemler y\u00f6netim kurulu ba\u015fkanlar\u0131m\u0131zdan olu\u015fmaktad\u0131r.","_links":{"self":[{"href":"https:\/\/izvak.org\/index.php\/wp-json\/wp\/v2\/pages\/207","targetHints":{"allow":["GET"]}}],"collection":[{"href":"https:\/\/izvak.org\/index.php\/wp-json\/wp\/v2\/pages"}],"about":[{"href":"https:\/\/izvak.org\/index.php\/wp-json\/wp\/v2\/types\/page"}],"author":[{"embeddable":true,"href":"https:\/\/izvak.org\/index.php\/wp-json\/wp\/v2\/users\/1"}],"replies":[{"embeddable":true,"href":"https:\/\/izvak.org\/index.php\/wp-json\/wp\/v2\/comments?post=207"}],"version-history":[{"count":45,"href":"https:\/\/izvak.org\/index.php\/wp-json\/wp\/v2\/pages\/207\/revisions"}],"predecessor-version":[{"id":1988,"href":"https:\/\/izvak.org\/index.php\/wp-json\/wp\/v2\/pages\/207\/revisions\/1988"}],"wp:attachment":[{"href":"https:\/\/izvak.org\/index.php\/wp-json\/wp\/v2\/media?parent=207"}],"curies":[{"name":"wp","href":"https:\/\/api.w.org\/{rel}","templated":true}]}}