{"id":2082,"date":"2026-03-07T18:01:34","date_gmt":"2026-03-07T18:01:34","guid":{"rendered":"https:\/\/izvak.org\/?page_id=2082"},"modified":"2026-03-07T18:04:50","modified_gmt":"2026-03-07T18:04:50","slug":"yonetim-kurulundan-izto-muracaati","status":"publish","type":"page","link":"https:\/\/izvak.org\/index.php\/yonetim-kurulundan-izto-muracaati\/","title":{"rendered":"Y\u00d6NET\u0130M KURULUNDAN &#8211; \u0130ZM\u0130R T\u0130CARET ODASI\u2019NA \u201cSPOR MESLEK GURUBU\u201d BA\u015eVURUSU\u2026"},"content":{"rendered":"\n<div data-wp-interactive=\"core\/file\" class=\"wp-block-file\"><object data-wp-bind--hidden=\"!state.hasPdfPreview\" hidden class=\"wp-block-file__embed\" data=\"https:\/\/izvak.org\/wp-content\/uploads\/2026\/03\/IZVAK-IZTO-MURACAATI.pdf\" type=\"application\/pdf\" style=\"width:100%;height:600px\" aria-label=\"Embed of \u0130ZVAK - \u0130ZTO M\u00dcRACAATI.\"><\/object><a id=\"wp-block-file--media-c00c9a49-5f14-48a9-9fcd-5cc6f2e55e62\" href=\"https:\/\/izvak.org\/wp-content\/uploads\/2026\/03\/IZVAK-IZTO-MURACAATI.pdf\">\u0130ZVAK &#8211; \u0130ZTO M\u00dcRACAATI<\/a><a href=\"https:\/\/izvak.org\/wp-content\/uploads\/2026\/03\/IZVAK-IZTO-MURACAATI.pdf\" class=\"wp-block-file__button wp-element-button\" download aria-describedby=\"wp-block-file--media-c00c9a49-5f14-48a9-9fcd-5cc6f2e55e62\">\u0130ndir<\/a><\/div>\n\n\n\n<p><\/p>\n","protected":false},"excerpt":{"rendered":"","protected":false},"author":1,"featured_media":0,"parent":0,"menu_order":0,"comment_status":"closed","ping_status":"closed","template":"","meta":{"_uag_custom_page_level_css":"","footnotes":""},"class_list":["post-2082","page","type-page","status-publish","hentry"],"uagb_featured_image_src":{"full":false,"thumbnail":false,"medium":false,"medium_large":false,"large":false,"1536x1536":false,"2048x2048":false},"uagb_author_info":{"display_name":"izvak","author_link":"https:\/\/izvak.org\/index.php\/author\/izvakorg\/"},"uagb_comment_info":0,"uagb_excerpt":null,"_links":{"self":[{"href":"https:\/\/izvak.org\/index.php\/wp-json\/wp\/v2\/pages\/2082","targetHints":{"allow":["GET"]}}],"collection":[{"href":"https:\/\/izvak.org\/index.php\/wp-json\/wp\/v2\/pages"}],"about":[{"href":"https:\/\/izvak.org\/index.php\/wp-json\/wp\/v2\/types\/page"}],"author":[{"embeddable":true,"href":"https:\/\/izvak.org\/index.php\/wp-json\/wp\/v2\/users\/1"}],"replies":[{"embeddable":true,"href":"https:\/\/izvak.org\/index.php\/wp-json\/wp\/v2\/comments?post=2082"}],"version-history":[{"count":2,"href":"https:\/\/izvak.org\/index.php\/wp-json\/wp\/v2\/pages\/2082\/revisions"}],"predecessor-version":[{"id":2089,"href":"https:\/\/izvak.org\/index.php\/wp-json\/wp\/v2\/pages\/2082\/revisions\/2089"}],"wp:attachment":[{"href":"https:\/\/izvak.org\/index.php\/wp-json\/wp\/v2\/media?parent=2082"}],"curies":[{"name":"wp","href":"https:\/\/api.w.org\/{rel}","templated":true}]}}