{"id":2096,"date":"2026-03-30T06:46:24","date_gmt":"2026-03-30T06:46:24","guid":{"rendered":"https:\/\/izvak.org\/?page_id=2096"},"modified":"2026-03-30T06:46:24","modified_gmt":"2026-03-30T06:46:24","slug":"mavisehir-spor-alani-icin-muracaat","status":"publish","type":"page","link":"https:\/\/izvak.org\/index.php\/mavisehir-spor-alani-icin-muracaat\/","title":{"rendered":"Mavi\u015fehir Spor Alan\u0131 i\u00e7in M\u00fcracaat"},"content":{"rendered":"\n<div data-wp-interactive=\"core\/file\" class=\"wp-block-file\"><object data-wp-bind--hidden=\"!state.hasPdfPreview\" hidden class=\"wp-block-file__embed\" data=\"https:\/\/izvak.org\/wp-content\/uploads\/2026\/03\/T.C.-GENCLIK-VE-SPOR-BAKANLIGI-KSK-AR.pdf\" type=\"application\/pdf\" style=\"width:100%;height:600px\" aria-label=\"Embed of T.C. GEN\u00c7L\u0130K VE SPOR BAKANLI\u011eI KSK AR.\"><\/object><a id=\"wp-block-file--media-27fc7065-7ffc-45b1-b58b-795bb105d5dd\" href=\"https:\/\/izvak.org\/wp-content\/uploads\/2026\/03\/T.C.-GENCLIK-VE-SPOR-BAKANLIGI-KSK-AR.pdf\">T.C. GEN\u00c7L\u0130K VE SPOR BAKANLI\u011eI KSK AR<\/a><a href=\"https:\/\/izvak.org\/wp-content\/uploads\/2026\/03\/T.C.-GENCLIK-VE-SPOR-BAKANLIGI-KSK-AR.pdf\" class=\"wp-block-file__button wp-element-button\" download aria-describedby=\"wp-block-file--media-27fc7065-7ffc-45b1-b58b-795bb105d5dd\">\u0130ndir<\/a><\/div>\n\n\n\n<p><\/p>\n","protected":false},"excerpt":{"rendered":"","protected":false},"author":1,"featured_media":0,"parent":0,"menu_order":0,"comment_status":"closed","ping_status":"closed","template":"","meta":{"_uag_custom_page_level_css":"","footnotes":""},"class_list":["post-2096","page","type-page","status-publish","hentry"],"uagb_featured_image_src":{"full":false,"thumbnail":false,"medium":false,"medium_large":false,"large":false,"1536x1536":false,"2048x2048":false},"uagb_author_info":{"display_name":"izvak","author_link":"https:\/\/izvak.org\/index.php\/author\/izvakorg\/"},"uagb_comment_info":0,"uagb_excerpt":null,"_links":{"self":[{"href":"https:\/\/izvak.org\/index.php\/wp-json\/wp\/v2\/pages\/2096","targetHints":{"allow":["GET"]}}],"collection":[{"href":"https:\/\/izvak.org\/index.php\/wp-json\/wp\/v2\/pages"}],"about":[{"href":"https:\/\/izvak.org\/index.php\/wp-json\/wp\/v2\/types\/page"}],"author":[{"embeddable":true,"href":"https:\/\/izvak.org\/index.php\/wp-json\/wp\/v2\/users\/1"}],"replies":[{"embeddable":true,"href":"https:\/\/izvak.org\/index.php\/wp-json\/wp\/v2\/comments?post=2096"}],"version-history":[{"count":1,"href":"https:\/\/izvak.org\/index.php\/wp-json\/wp\/v2\/pages\/2096\/revisions"}],"predecessor-version":[{"id":2098,"href":"https:\/\/izvak.org\/index.php\/wp-json\/wp\/v2\/pages\/2096\/revisions\/2098"}],"wp:attachment":[{"href":"https:\/\/izvak.org\/index.php\/wp-json\/wp\/v2\/media?parent=2096"}],"curies":[{"name":"wp","href":"https:\/\/api.w.org\/{rel}","templated":true}]}}