{"id":777,"date":"2024-10-14T14:14:24","date_gmt":"2024-10-14T14:14:24","guid":{"rendered":"http:\/\/izvak.org\/?page_id=777"},"modified":"2025-01-03T12:23:19","modified_gmt":"2025-01-03T12:23:19","slug":"ercan-korkmaz-2","status":"publish","type":"page","link":"https:\/\/izvak.org\/index.php\/ercan-korkmaz-2\/","title":{"rendered":"Ercan Korkmaz"},"content":{"rendered":"\n<p>1964 y\u0131l\u0131nda \u0130zmir\u2019de do\u011fan Ercan Korkmaz evli ve 2 \u00e7ocuk babas\u0131d\u0131r.<\/p>\n\n\n\n<p>Korkmaz Tar\u0131m \u00dcr\u00fcnleri Tic.Ltd.\u015eti\u2019nin temsilcisi olarak, 1999 y\u0131l\u0131 Kas\u0131m ay\u0131ndan bu yana \u0130zmir Ticaret Borsas\u0131 Meclis \u00dcyeli\u011fi g\u00f6revine devam etmektedir. Mart 2005 ile \u015eubat 2009 tarihleri aras\u0131ndan \u0130zmir Ticaret Borsas\u0131 Y\u00f6netim Kurulu \u00dcyeli\u011fi yapan Ercan Korkmaz, \u015eubat 2009 tarihinden bu yana Y\u00f6netim Kurulu Ba\u015fkan Yard\u0131mc\u0131l\u0131\u011f\u0131 g\u00f6revini s\u00fcrd\u00fcrmektedir.<\/p>\n\n\n\n<p>Ayr\u0131ca, Kas\u0131m 1999 ile May\u0131s 2013 tarihleri aras\u0131nda TOBB Genel Kurul Delegeli\u011fi g\u00f6revinden bulunmu\u015f olup, Nisan 2018 tarihinden itibaren bu g\u00f6revini s\u00fcrd\u00fcrmektedir.<\/p>\n\n\n\n<p>Say\u0131n Ercan Korkmaz, A\u011fustos 2011 tarihinden bu yana \u0130zmir Ticaret Borsas\u0131 Onur \u00dcyesidir.<\/p>\n\n\n\n<p>\u00dcYEL\u0130\u011e\u0130 VE TEMS\u0130LC\u0130L\u0130\u011e\u0130 BULUNAN KURUMLAR<\/p>\n\n\n\n<p>&#8211; \u0130zmir Ticaret Borsas\u0131 Y\u00f6netim Kurulu Ba\u015fkan Yard\u0131mc\u0131s\u0131<\/p>\n\n\n\n<p>&#8211; \u0130zmir Ticaret Borsas\u0131 Laboratuvar, Arge ve Dan\u0131\u015fmanl\u0131k Hizmetleri A.\u015e. Y\u00f6netim Kurulu \u00dcyesi<\/p>\n\n\n\n<p>&#8211; \u0130ZFA\u015e Genel Kurul Delegesi<\/p>\n\n\n\n<p>&#8211; \u0130zmir Dikili Tar\u0131ma Dayal\u0131 \u0130htisas Sera Organize Sanayi B\u00f6lgesi Y\u00f6netim Kurulu \u00dcyesi<\/p>\n\n\n\n<p>&#8211; TOBB YO\u0130K Yat\u0131r\u0131m Ortam\u0131 Mevzuat\u0131 ve Hukuksal S\u00fcre\u00e7 \u00c7al\u0131\u015fma Grubu \u00dcyesi,<\/p>\n\n\n\n<p>&#8211; Ulusal Baklagil Konseyi \u00dcyesi,<\/p>\n\n\n\n<p>&nbsp;-\u0130zmir Spor Kul\u00fcpleri Birli\u011fi Vakf\u0131\u2019nda (\u0130ZVAK) 2016 y\u0131l\u0131nda ba\u015flad\u0131\u011f\u0131 Y\u00f6netim Kurulu&nbsp;<\/p>\n\n\n\n<p>&nbsp;&nbsp;\u00dcyeli\u011fi g\u00f6revini s\u00fcrd\u00fcrmektedir.<\/p>\n\n\n\n<p>-Ge\u00e7mi\u015f d\u00f6nem \u0130ZKA Y\u00f6netim Kurulu \u00dcyeli\u011fi bulunmaktad\u0131r.<\/p>\n","protected":false},"excerpt":{"rendered":"<p>1964 y\u0131l\u0131nda \u0130zmir\u2019de do\u011fan Ercan Korkmaz evli ve 2 \u00e7ocuk babas\u0131d\u0131r. Korkmaz Tar\u0131m \u00dcr\u00fcnleri Tic.Ltd.\u015eti\u2019nin temsilcisi olarak, 1999 y\u0131l\u0131 Kas\u0131m ay\u0131ndan bu yana \u0130zmir Ticaret Borsas\u0131 Meclis \u00dcyeli\u011fi g\u00f6revine devam etmektedir. Mart 2005 ile \u015eubat 2009 tarihleri aras\u0131ndan \u0130zmir Ticaret Borsas\u0131 Y\u00f6netim Kurulu \u00dcyeli\u011fi yapan Ercan Korkmaz, \u015eubat 2009 tarihinden bu yana Y\u00f6netim Kurulu Ba\u015fkan [&hellip;]<\/p>\n","protected":false},"author":1,"featured_media":0,"parent":0,"menu_order":0,"comment_status":"closed","ping_status":"closed","template":"","meta":{"_uag_custom_page_level_css":"","footnotes":""},"class_list":["post-777","page","type-page","status-publish","hentry"],"uagb_featured_image_src":{"full":false,"thumbnail":false,"medium":false,"medium_large":false,"large":false,"1536x1536":false,"2048x2048":false},"uagb_author_info":{"display_name":"izvak","author_link":"https:\/\/izvak.org\/index.php\/author\/izvakorg\/"},"uagb_comment_info":0,"uagb_excerpt":"1964 y\u0131l\u0131nda \u0130zmir\u2019de do\u011fan Ercan Korkmaz evli ve 2 \u00e7ocuk babas\u0131d\u0131r. Korkmaz Tar\u0131m \u00dcr\u00fcnleri Tic.Ltd.\u015eti\u2019nin temsilcisi olarak, 1999 y\u0131l\u0131 Kas\u0131m ay\u0131ndan bu yana \u0130zmir Ticaret Borsas\u0131 Meclis \u00dcyeli\u011fi g\u00f6revine devam etmektedir. Mart 2005 ile \u015eubat 2009 tarihleri aras\u0131ndan \u0130zmir Ticaret Borsas\u0131 Y\u00f6netim Kurulu \u00dcyeli\u011fi yapan Ercan Korkmaz, \u015eubat 2009 tarihinden bu yana Y\u00f6netim Kurulu Ba\u015fkan&hellip;","_links":{"self":[{"href":"https:\/\/izvak.org\/index.php\/wp-json\/wp\/v2\/pages\/777","targetHints":{"allow":["GET"]}}],"collection":[{"href":"https:\/\/izvak.org\/index.php\/wp-json\/wp\/v2\/pages"}],"about":[{"href":"https:\/\/izvak.org\/index.php\/wp-json\/wp\/v2\/types\/page"}],"author":[{"embeddable":true,"href":"https:\/\/izvak.org\/index.php\/wp-json\/wp\/v2\/users\/1"}],"replies":[{"embeddable":true,"href":"https:\/\/izvak.org\/index.php\/wp-json\/wp\/v2\/comments?post=777"}],"version-history":[{"count":2,"href":"https:\/\/izvak.org\/index.php\/wp-json\/wp\/v2\/pages\/777\/revisions"}],"predecessor-version":[{"id":1488,"href":"https:\/\/izvak.org\/index.php\/wp-json\/wp\/v2\/pages\/777\/revisions\/1488"}],"wp:attachment":[{"href":"https:\/\/izvak.org\/index.php\/wp-json\/wp\/v2\/media?parent=777"}],"curies":[{"name":"wp","href":"https:\/\/api.w.org\/{rel}","templated":true}]}}