{"id":805,"date":"2024-10-14T14:19:33","date_gmt":"2024-10-14T14:19:33","guid":{"rendered":"http:\/\/izvak.org\/?page_id=805"},"modified":"2024-10-14T15:40:47","modified_gmt":"2024-10-14T15:40:47","slug":"bedri-cumhur-dogu-2","status":"publish","type":"page","link":"https:\/\/izvak.org\/index.php\/bedri-cumhur-dogu-2\/","title":{"rendered":"Bedri Cumhur Do\u011fu"},"content":{"rendered":"\n<p>Mali M\u00fc\u015favir<br>1984 y\u0131l\u0131nda Malatya\u2019da do\u011fdu, Kar\u015f\u0131yaka\u2019da b\u00fcy\u00fcd\u00fc. \u0130\u015fletme Fak\u00fcltesi\u2019ni bitirdi ve muhasebe mesle\u011finin i\u00e7erisinde 15 y\u0131l y\u00f6netici pozisyonunda \u00e7al\u0131\u015ft\u0131. 2023 y\u0131l\u0131ndan itibaren SMMM olarak \u00e7al\u0131\u015fmaktad\u0131r. \u0130zmir Kent Tarihi ba\u015fta olmak \u00fczere, Spor Tarihi ve \u0130nan\u00e7 Tarihi ba\u015fl\u0131klar\u0131 alt\u0131nda ara\u015ft\u0131rmalar\u0131 bulunmaktad\u0131r. \u00d6zg\u00fcn ve ilk kez ortaya \u00e7\u0131kard\u0131\u011f\u0131 \u0130zmir Spor Tarihi\u2019ne ait bir\u00e7ok \u00e7al\u0131\u015fmas\u0131 bas\u0131n yay\u0131n organlar\u0131nda yay\u0131mlanm\u0131\u015ft\u0131r.<\/p>\n","protected":false},"excerpt":{"rendered":"<p>Mali M\u00fc\u015favir1984 y\u0131l\u0131nda Malatya\u2019da do\u011fdu, Kar\u015f\u0131yaka\u2019da b\u00fcy\u00fcd\u00fc. \u0130\u015fletme Fak\u00fcltesi\u2019ni bitirdi ve muhasebe mesle\u011finin i\u00e7erisinde 15 y\u0131l y\u00f6netici pozisyonunda \u00e7al\u0131\u015ft\u0131. 2023 y\u0131l\u0131ndan itibaren SMMM olarak \u00e7al\u0131\u015fmaktad\u0131r. \u0130zmir Kent Tarihi ba\u015fta olmak \u00fczere, Spor Tarihi ve \u0130nan\u00e7 Tarihi ba\u015fl\u0131klar\u0131 alt\u0131nda ara\u015ft\u0131rmalar\u0131 bulunmaktad\u0131r. \u00d6zg\u00fcn ve ilk kez ortaya \u00e7\u0131kard\u0131\u011f\u0131 \u0130zmir Spor Tarihi\u2019ne ait bir\u00e7ok \u00e7al\u0131\u015fmas\u0131 bas\u0131n yay\u0131n organlar\u0131nda [&hellip;]<\/p>\n","protected":false},"author":1,"featured_media":0,"parent":0,"menu_order":0,"comment_status":"closed","ping_status":"closed","template":"","meta":{"_uag_custom_page_level_css":"","footnotes":""},"class_list":["post-805","page","type-page","status-publish","hentry"],"uagb_featured_image_src":{"full":false,"thumbnail":false,"medium":false,"medium_large":false,"large":false,"1536x1536":false,"2048x2048":false},"uagb_author_info":{"display_name":"izvak","author_link":"https:\/\/izvak.org\/index.php\/author\/izvakorg\/"},"uagb_comment_info":0,"uagb_excerpt":"Mali M\u00fc\u015favir1984 y\u0131l\u0131nda Malatya\u2019da do\u011fdu, Kar\u015f\u0131yaka\u2019da b\u00fcy\u00fcd\u00fc. \u0130\u015fletme Fak\u00fcltesi\u2019ni bitirdi ve muhasebe mesle\u011finin i\u00e7erisinde 15 y\u0131l y\u00f6netici pozisyonunda \u00e7al\u0131\u015ft\u0131. 2023 y\u0131l\u0131ndan itibaren SMMM olarak \u00e7al\u0131\u015fmaktad\u0131r. \u0130zmir Kent Tarihi ba\u015fta olmak \u00fczere, Spor Tarihi ve \u0130nan\u00e7 Tarihi ba\u015fl\u0131klar\u0131 alt\u0131nda ara\u015ft\u0131rmalar\u0131 bulunmaktad\u0131r. \u00d6zg\u00fcn ve ilk kez ortaya \u00e7\u0131kard\u0131\u011f\u0131 \u0130zmir Spor Tarihi\u2019ne ait bir\u00e7ok \u00e7al\u0131\u015fmas\u0131 bas\u0131n yay\u0131n organlar\u0131nda&hellip;","_links":{"self":[{"href":"https:\/\/izvak.org\/index.php\/wp-json\/wp\/v2\/pages\/805","targetHints":{"allow":["GET"]}}],"collection":[{"href":"https:\/\/izvak.org\/index.php\/wp-json\/wp\/v2\/pages"}],"about":[{"href":"https:\/\/izvak.org\/index.php\/wp-json\/wp\/v2\/types\/page"}],"author":[{"embeddable":true,"href":"https:\/\/izvak.org\/index.php\/wp-json\/wp\/v2\/users\/1"}],"replies":[{"embeddable":true,"href":"https:\/\/izvak.org\/index.php\/wp-json\/wp\/v2\/comments?post=805"}],"version-history":[{"count":2,"href":"https:\/\/izvak.org\/index.php\/wp-json\/wp\/v2\/pages\/805\/revisions"}],"predecessor-version":[{"id":825,"href":"https:\/\/izvak.org\/index.php\/wp-json\/wp\/v2\/pages\/805\/revisions\/825"}],"wp:attachment":[{"href":"https:\/\/izvak.org\/index.php\/wp-json\/wp\/v2\/media?parent=805"}],"curies":[{"name":"wp","href":"https:\/\/api.w.org\/{rel}","templated":true}]}}