{"id":813,"date":"2024-10-14T14:20:44","date_gmt":"2024-10-14T14:20:44","guid":{"rendered":"http:\/\/izvak.org\/?page_id=813"},"modified":"2025-02-03T19:00:30","modified_gmt":"2025-02-03T19:00:30","slug":"gokhan-kisla","status":"publish","type":"page","link":"https:\/\/izvak.org\/index.php\/gokhan-kisla\/","title":{"rendered":"G\u00f6khan K\u0131\u015fla"},"content":{"rendered":"\n<p>Ankara da do\u011fmu\u015ftur.<br>\u0130lk, orta ve lise e\u011fitimini Ankara\u2019da tamamlam\u0131\u015ft\u0131r.<br>\u00dcniversite e\u011fitimini ise Ankara \u00dcniversitesi \u0130statistik B\u00f6l\u00fcm\u00fc\u2019nde , lisans\u00fcst\u00fc e\u011fitimini<br>Kings Oxford da tamamlam\u0131\u015ft\u0131r. Ankara ve \u0130zmir de bulunan aile \u015firketlerinde<br>Y\u00f6netim Kurulu \u00dcyesi olarak, Altay Spor Kul\u00fcb\u00fc\u2019nde de Ba\u015fkan Yard\u0131mc\u0131s\u0131 olarak,<br>\u0130ZVAK Y\u00f6netim Kurulu\u2019nda ise Altay Spor Kul\u00fcb\u00fc temsilcisi olarak g\u00f6rev<br>yapmaktad\u0131r.<br>Evli ve bir \u00e7ocuk babas\u0131d\u0131r. \u0130ngilizce bilmektedir.<\/p>\n","protected":false},"excerpt":{"rendered":"<p>Ankara da do\u011fmu\u015ftur.\u0130lk, orta ve lise e\u011fitimini Ankara\u2019da tamamlam\u0131\u015ft\u0131r.\u00dcniversite e\u011fitimini ise Ankara \u00dcniversitesi \u0130statistik B\u00f6l\u00fcm\u00fc\u2019nde , lisans\u00fcst\u00fc e\u011fitiminiKings Oxford da tamamlam\u0131\u015ft\u0131r. Ankara ve \u0130zmir de bulunan aile \u015firketlerindeY\u00f6netim Kurulu \u00dcyesi olarak, Altay Spor Kul\u00fcb\u00fc\u2019nde de Ba\u015fkan Yard\u0131mc\u0131s\u0131 olarak,\u0130ZVAK Y\u00f6netim Kurulu\u2019nda ise Altay Spor Kul\u00fcb\u00fc temsilcisi olarak g\u00f6revyapmaktad\u0131r.Evli ve bir \u00e7ocuk babas\u0131d\u0131r. \u0130ngilizce bilmektedir.<\/p>\n","protected":false},"author":1,"featured_media":0,"parent":0,"menu_order":0,"comment_status":"closed","ping_status":"closed","template":"","meta":{"_uag_custom_page_level_css":"","footnotes":""},"class_list":["post-813","page","type-page","status-publish","hentry"],"uagb_featured_image_src":{"full":false,"thumbnail":false,"medium":false,"medium_large":false,"large":false,"1536x1536":false,"2048x2048":false},"uagb_author_info":{"display_name":"izvak","author_link":"https:\/\/izvak.org\/index.php\/author\/izvakorg\/"},"uagb_comment_info":0,"uagb_excerpt":"Ankara da do\u011fmu\u015ftur.\u0130lk, orta ve lise e\u011fitimini Ankara\u2019da tamamlam\u0131\u015ft\u0131r.\u00dcniversite e\u011fitimini ise Ankara \u00dcniversitesi \u0130statistik B\u00f6l\u00fcm\u00fc\u2019nde , lisans\u00fcst\u00fc e\u011fitiminiKings Oxford da tamamlam\u0131\u015ft\u0131r. Ankara ve \u0130zmir de bulunan aile \u015firketlerindeY\u00f6netim Kurulu \u00dcyesi olarak, Altay Spor Kul\u00fcb\u00fc\u2019nde de Ba\u015fkan Yard\u0131mc\u0131s\u0131 olarak,\u0130ZVAK Y\u00f6netim Kurulu\u2019nda ise Altay Spor Kul\u00fcb\u00fc temsilcisi olarak g\u00f6revyapmaktad\u0131r.Evli ve bir \u00e7ocuk babas\u0131d\u0131r. \u0130ngilizce bilmektedir.","_links":{"self":[{"href":"https:\/\/izvak.org\/index.php\/wp-json\/wp\/v2\/pages\/813","targetHints":{"allow":["GET"]}}],"collection":[{"href":"https:\/\/izvak.org\/index.php\/wp-json\/wp\/v2\/pages"}],"about":[{"href":"https:\/\/izvak.org\/index.php\/wp-json\/wp\/v2\/types\/page"}],"author":[{"embeddable":true,"href":"https:\/\/izvak.org\/index.php\/wp-json\/wp\/v2\/users\/1"}],"replies":[{"embeddable":true,"href":"https:\/\/izvak.org\/index.php\/wp-json\/wp\/v2\/comments?post=813"}],"version-history":[{"count":2,"href":"https:\/\/izvak.org\/index.php\/wp-json\/wp\/v2\/pages\/813\/revisions"}],"predecessor-version":[{"id":1546,"href":"https:\/\/izvak.org\/index.php\/wp-json\/wp\/v2\/pages\/813\/revisions\/1546"}],"wp:attachment":[{"href":"https:\/\/izvak.org\/index.php\/wp-json\/wp\/v2\/media?parent=813"}],"curies":[{"name":"wp","href":"https:\/\/api.w.org\/{rel}","templated":true}]}}