{"id":904,"date":"2024-11-05T08:21:46","date_gmt":"2024-11-05T08:21:46","guid":{"rendered":"https:\/\/izvak.org\/?page_id=904"},"modified":"2024-11-05T08:26:48","modified_gmt":"2024-11-05T08:26:48","slug":"baskandan-izmirde-futbolun-desteklenmesi-neden-onemli","status":"publish","type":"page","link":"https:\/\/izvak.org\/index.php\/baskandan-izmirde-futbolun-desteklenmesi-neden-onemli\/","title":{"rendered":"Ba\u015fkandan-\u0130ZM\u0130R&#8217;DE FUTBOLUN DESTEKLENMES\u0130 NEDEN \u00d6NEML\u0130"},"content":{"rendered":"\n<div data-wp-interactive=\"core\/file\" class=\"wp-block-file\"><object data-wp-bind--hidden=\"!state.hasPdfPreview\" hidden class=\"wp-block-file__embed\" data=\"https:\/\/izvak.org\/wp-content\/uploads\/2024\/11\/IZMIRDE-FUTBOLUN-DESTEKLENMESI-NEDEN-ONEMLI_260824.pdf\" type=\"application\/pdf\" style=\"width:100%;height:600px\" aria-label=\"Embed of \u0130ZM\u0130R&apos;DE FUTBOLUN DESTEKLENMES\u0130 NEDEN \u00d6NEML\u0130_260824.\"><\/object><a id=\"wp-block-file--media-e1d5a2c6-82bf-40d1-8ab5-93321b38fac1\" href=\"https:\/\/izvak.org\/wp-content\/uploads\/2024\/11\/IZMIRDE-FUTBOLUN-DESTEKLENMESI-NEDEN-ONEMLI_260824.pdf\">\u0130ZM\u0130R&#8217;DE FUTBOLUN DESTEKLENMES\u0130 NEDEN \u00d6NEML\u0130_260824<\/a><a href=\"https:\/\/izvak.org\/wp-content\/uploads\/2024\/11\/IZMIRDE-FUTBOLUN-DESTEKLENMESI-NEDEN-ONEMLI_260824.pdf\" class=\"wp-block-file__button wp-element-button\" download aria-describedby=\"wp-block-file--media-e1d5a2c6-82bf-40d1-8ab5-93321b38fac1\">\u0130ndir<\/a><\/div>\n\n\n\n<p><\/p>\n","protected":false},"excerpt":{"rendered":"","protected":false},"author":1,"featured_media":0,"parent":0,"menu_order":0,"comment_status":"closed","ping_status":"closed","template":"","meta":{"_uag_custom_page_level_css":"","footnotes":""},"class_list":["post-904","page","type-page","status-publish","hentry"],"uagb_featured_image_src":{"full":false,"thumbnail":false,"medium":false,"medium_large":false,"large":false,"1536x1536":false,"2048x2048":false},"uagb_author_info":{"display_name":"izvak","author_link":"https:\/\/izvak.org\/index.php\/author\/izvakorg\/"},"uagb_comment_info":0,"uagb_excerpt":null,"_links":{"self":[{"href":"https:\/\/izvak.org\/index.php\/wp-json\/wp\/v2\/pages\/904","targetHints":{"allow":["GET"]}}],"collection":[{"href":"https:\/\/izvak.org\/index.php\/wp-json\/wp\/v2\/pages"}],"about":[{"href":"https:\/\/izvak.org\/index.php\/wp-json\/wp\/v2\/types\/page"}],"author":[{"embeddable":true,"href":"https:\/\/izvak.org\/index.php\/wp-json\/wp\/v2\/users\/1"}],"replies":[{"embeddable":true,"href":"https:\/\/izvak.org\/index.php\/wp-json\/wp\/v2\/comments?post=904"}],"version-history":[{"count":2,"href":"https:\/\/izvak.org\/index.php\/wp-json\/wp\/v2\/pages\/904\/revisions"}],"predecessor-version":[{"id":916,"href":"https:\/\/izvak.org\/index.php\/wp-json\/wp\/v2\/pages\/904\/revisions\/916"}],"wp:attachment":[{"href":"https:\/\/izvak.org\/index.php\/wp-json\/wp\/v2\/media?parent=904"}],"curies":[{"name":"wp","href":"https:\/\/api.w.org\/{rel}","templated":true}]}}