{"id":906,"date":"2024-11-05T08:22:43","date_gmt":"2024-11-05T08:22:43","guid":{"rendered":"https:\/\/izvak.org\/?page_id=906"},"modified":"2024-11-05T08:26:02","modified_gmt":"2024-11-05T08:26:02","slug":"baskandan-futbol-kentlerin-tanitimi-ve-izmir","status":"publish","type":"page","link":"https:\/\/izvak.org\/index.php\/baskandan-futbol-kentlerin-tanitimi-ve-izmir\/","title":{"rendered":"Ba\u015fkandan-FUTBOL, KENTLER\u0130N TANITIMI VE \u0130ZM\u0130R"},"content":{"rendered":"\n<div data-wp-interactive=\"core\/file\" class=\"wp-block-file\"><object data-wp-bind--hidden=\"!state.hasPdfPreview\" hidden class=\"wp-block-file__embed\" data=\"https:\/\/izvak.org\/wp-content\/uploads\/2024\/11\/FUTBOL-KENTLERIN-TANITIMI-VE-IZMIR.240924.pdf\" type=\"application\/pdf\" style=\"width:100%;height:600px\" aria-label=\"Embed of FUTBOL, KENTLER\u0130N TANITIMI VE \u0130ZM\u0130R...240924.\"><\/object><a id=\"wp-block-file--media-b717c9c9-4bb8-44a9-bb71-cafa03cd819f\" href=\"https:\/\/izvak.org\/wp-content\/uploads\/2024\/11\/FUTBOL-KENTLERIN-TANITIMI-VE-IZMIR.240924.pdf\">FUTBOL, KENTLER\u0130N TANITIMI VE \u0130ZM\u0130R&#8230;240924<\/a><a href=\"https:\/\/izvak.org\/wp-content\/uploads\/2024\/11\/FUTBOL-KENTLERIN-TANITIMI-VE-IZMIR.240924.pdf\" class=\"wp-block-file__button wp-element-button\" download aria-describedby=\"wp-block-file--media-b717c9c9-4bb8-44a9-bb71-cafa03cd819f\">\u0130ndir<\/a><\/div>\n","protected":false},"excerpt":{"rendered":"","protected":false},"author":1,"featured_media":0,"parent":0,"menu_order":0,"comment_status":"closed","ping_status":"closed","template":"","meta":{"_uag_custom_page_level_css":"","footnotes":""},"class_list":["post-906","page","type-page","status-publish","hentry"],"uagb_featured_image_src":{"full":false,"thumbnail":false,"medium":false,"medium_large":false,"large":false,"1536x1536":false,"2048x2048":false},"uagb_author_info":{"display_name":"izvak","author_link":"https:\/\/izvak.org\/index.php\/author\/izvakorg\/"},"uagb_comment_info":0,"uagb_excerpt":null,"_links":{"self":[{"href":"https:\/\/izvak.org\/index.php\/wp-json\/wp\/v2\/pages\/906","targetHints":{"allow":["GET"]}}],"collection":[{"href":"https:\/\/izvak.org\/index.php\/wp-json\/wp\/v2\/pages"}],"about":[{"href":"https:\/\/izvak.org\/index.php\/wp-json\/wp\/v2\/types\/page"}],"author":[{"embeddable":true,"href":"https:\/\/izvak.org\/index.php\/wp-json\/wp\/v2\/users\/1"}],"replies":[{"embeddable":true,"href":"https:\/\/izvak.org\/index.php\/wp-json\/wp\/v2\/comments?post=906"}],"version-history":[{"count":2,"href":"https:\/\/izvak.org\/index.php\/wp-json\/wp\/v2\/pages\/906\/revisions"}],"predecessor-version":[{"id":914,"href":"https:\/\/izvak.org\/index.php\/wp-json\/wp\/v2\/pages\/906\/revisions\/914"}],"wp:attachment":[{"href":"https:\/\/izvak.org\/index.php\/wp-json\/wp\/v2\/media?parent=906"}],"curies":[{"name":"wp","href":"https:\/\/api.w.org\/{rel}","templated":true}]}}