{"id":908,"date":"2024-11-05T08:23:27","date_gmt":"2024-11-05T08:23:27","guid":{"rendered":"https:\/\/izvak.org\/?page_id=908"},"modified":"2024-11-05T08:25:17","modified_gmt":"2024-11-05T08:25:17","slug":"baskandan-dostluk-icinde-rekabet-ve-gonulluluk-modeli","status":"publish","type":"page","link":"https:\/\/izvak.org\/index.php\/baskandan-dostluk-icinde-rekabet-ve-gonulluluk-modeli\/","title":{"rendered":"Ba\u015fkandan-DOSTLUK \u0130\u00c7\u0130NDE REKABET VE G\u00d6N\u00dcLL\u00dcL\u00dcK MODEL\u0130"},"content":{"rendered":"\n<div data-wp-interactive=\"core\/file\" class=\"wp-block-file\"><object data-wp-bind--hidden=\"!state.hasPdfPreview\" hidden class=\"wp-block-file__embed\" data=\"https:\/\/izvak.org\/wp-content\/uploads\/2024\/11\/DOSTLUK-ICINDE-REKABET-VE-GONULLULUK-MODELI\u2026211024.pdf\" type=\"application\/pdf\" style=\"width:100%;height:600px\" aria-label=\"Embed of DOSTLUK \u0130\u00c7\u0130NDE REKABET VE G\u00d6N\u00dcLL\u00dcL\u00dcK MODEL\u0130\u2026211024.\"><\/object><a id=\"wp-block-file--media-51019896-10b3-4555-a6ea-2fd30a13c568\" href=\"https:\/\/izvak.org\/wp-content\/uploads\/2024\/11\/DOSTLUK-ICINDE-REKABET-VE-GONULLULUK-MODELI\u2026211024.pdf\">DOSTLUK \u0130\u00c7\u0130NDE REKABET VE G\u00d6N\u00dcLL\u00dcL\u00dcK MODEL\u0130\u2026211024<\/a><a href=\"https:\/\/izvak.org\/wp-content\/uploads\/2024\/11\/DOSTLUK-ICINDE-REKABET-VE-GONULLULUK-MODELI\u2026211024.pdf\" class=\"wp-block-file__button wp-element-button\" download aria-describedby=\"wp-block-file--media-51019896-10b3-4555-a6ea-2fd30a13c568\">\u0130ndir<\/a><\/div>\n\n\n\n<p><\/p>\n","protected":false},"excerpt":{"rendered":"","protected":false},"author":1,"featured_media":0,"parent":0,"menu_order":0,"comment_status":"closed","ping_status":"closed","template":"","meta":{"_uag_custom_page_level_css":"","footnotes":""},"class_list":["post-908","page","type-page","status-publish","hentry"],"uagb_featured_image_src":{"full":false,"thumbnail":false,"medium":false,"medium_large":false,"large":false,"1536x1536":false,"2048x2048":false},"uagb_author_info":{"display_name":"izvak","author_link":"https:\/\/izvak.org\/index.php\/author\/izvakorg\/"},"uagb_comment_info":0,"uagb_excerpt":null,"_links":{"self":[{"href":"https:\/\/izvak.org\/index.php\/wp-json\/wp\/v2\/pages\/908","targetHints":{"allow":["GET"]}}],"collection":[{"href":"https:\/\/izvak.org\/index.php\/wp-json\/wp\/v2\/pages"}],"about":[{"href":"https:\/\/izvak.org\/index.php\/wp-json\/wp\/v2\/types\/page"}],"author":[{"embeddable":true,"href":"https:\/\/izvak.org\/index.php\/wp-json\/wp\/v2\/users\/1"}],"replies":[{"embeddable":true,"href":"https:\/\/izvak.org\/index.php\/wp-json\/wp\/v2\/comments?post=908"}],"version-history":[{"count":2,"href":"https:\/\/izvak.org\/index.php\/wp-json\/wp\/v2\/pages\/908\/revisions"}],"predecessor-version":[{"id":912,"href":"https:\/\/izvak.org\/index.php\/wp-json\/wp\/v2\/pages\/908\/revisions\/912"}],"wp:attachment":[{"href":"https:\/\/izvak.org\/index.php\/wp-json\/wp\/v2\/media?parent=908"}],"curies":[{"name":"wp","href":"https:\/\/api.w.org\/{rel}","templated":true}]}}